{"id":1531,"date":"2021-09-07T10:02:39","date_gmt":"2021-09-07T10:02:39","guid":{"rendered":"https:\/\/bso.bilkent.edu.tr\/en\/?page_id=1531"},"modified":"2025-10-13T11:37:17","modified_gmt":"2025-10-13T11:37:17","slug":"orchestra-members","status":"publish","type":"page","link":"https:\/\/bso.bilkent.edu.tr\/en\/index.php\/the-orchestra\/orchestra-members\/","title":{"rendered":"Orchestra Members"},"content":{"rendered":"<p><div class=\"fusion-fullwidth fullwidth-box fusion-builder-row-1 fusion-flex-container nonhundred-percent-fullwidth non-hundred-percent-height-scrolling\" style=\"background-color: #ffffff;background-position: center center;background-repeat: no-repeat;border-width: 0px 0px 0px 0px;border-color:#eae9e9;border-style:solid;\" ><div class=\"fusion-builder-row fusion-row fusion-flex-align-items-flex-start\" style=\"max-width:1404px;margin-left: calc(-4% \/ 2 );margin-right: calc(-4% \/ 2 );\"><div class=\"fusion-layout-column fusion_builder_column fusion-builder-column-0 fusion_builder_column_2_3 2_3 fusion-flex-column\"><div class=\"fusion-column-wrapper fusion-flex-justify-content-flex-start fusion-content-layout-column\" style=\"background-position:left top;background-repeat:no-repeat;-webkit-background-size:cover;-moz-background-size:cover;-o-background-size:cover;background-size:cover;background-color:#ffffff;padding: 0px 0px 0px 0px;\"><div class=\"fusion-text fusion-text-1\"><h4>Orchestra Members<\/h4>\n<\/div><\/div><style type=\"text\/css\">.fusion-body .fusion-builder-column-0{width:66.666666666667% !important;margin-top : 20px;margin-bottom : 20px;}.fusion-builder-column-0 > .fusion-column-wrapper {padding-top : 0px !important;padding-right : 0px !important;margin-right : 2.88%;padding-bottom : 0px !important;padding-left : 0px !important;margin-left : 2.88%;}@media only screen and (max-width:1080px) {.fusion-body .fusion-builder-column-0{width:100% !important;order : 0;}.fusion-builder-column-0 > .fusion-column-wrapper {margin-right : 1.92%;margin-left : 1.92%;}}@media only screen and (max-width:1080px) {.fusion-body .fusion-builder-column-0{width:100% !important;order : 0;}.fusion-builder-column-0 > .fusion-column-wrapper {margin-right : 1.92%;margin-left : 1.92%;}}<\/style><\/div><div class=\"fusion-layout-column fusion_builder_column fusion-builder-column-1 fusion_builder_column_1_3 1_3 fusion-flex-column\"><div class=\"fusion-column-wrapper fusion-flex-justify-content-flex-start fusion-content-layout-column\" style=\"background-position:left top;background-repeat:no-repeat;-webkit-background-size:cover;-moz-background-size:cover;-o-background-size:cover;background-size:cover;background-color:#ffffff;padding: 0px 0px 0px 0px;\"><\/div><style type=\"text\/css\">.fusion-body .fusion-builder-column-1{width:33.333333333333% !important;margin-top : 20px;margin-bottom : 20px;}.fusion-builder-column-1 > .fusion-column-wrapper {padding-top : 0px !important;padding-right : 0px !important;margin-right : 5.76%;padding-bottom : 0px !important;padding-left : 0px !important;margin-left : 5.76%;}@media only screen and (max-width:1080px) {.fusion-body .fusion-builder-column-1{width:100% !important;order : 0;}.fusion-builder-column-1 > .fusion-column-wrapper {margin-right : 1.92%;margin-left : 1.92%;}}@media only screen and (max-width:1080px) {.fusion-body .fusion-builder-column-1{width:100% !important;order : 0;}.fusion-builder-column-1 > .fusion-column-wrapper {margin-right : 1.92%;margin-left : 1.92%;}}<\/style><\/div><\/div><style type=\"text\/css\">.fusion-body .fusion-flex-container.fusion-builder-row-1{ padding-top : 70px;margin-top : 0px;padding-right : 0px;padding-bottom : 0px;margin-bottom : 0px;padding-left : 0px;}<\/style><\/div><div class=\"fusion-fullwidth fullwidth-box fusion-builder-row-2 fusion-flex-container nonhundred-percent-fullwidth non-hundred-percent-height-scrolling\" style=\"background-color: #ffffff;background-position: center center;background-repeat: no-repeat;border-width: 0px 0px 0px 0px;border-color:#eae9e9;border-style:solid;\" ><div class=\"fusion-builder-row fusion-row fusion-flex-align-items-flex-start\" style=\"max-width:1404px;margin-left: calc(-4% \/ 2 );margin-right: calc(-4% \/ 2 );\"><div class=\"fusion-layout-column fusion_builder_column fusion-builder-column-2 fusion_builder_column_2_5 2_5 fusion-flex-column\"><div class=\"fusion-column-wrapper fusion-flex-justify-content-flex-start fusion-content-layout-column\" style=\"background-position:left top;background-repeat:no-repeat;-webkit-background-size:cover;-moz-background-size:cover;-o-background-size:cover;background-size:cover;background-color:#ffffff;padding: 0px 0px 0px 0px;\"><div class=\"fusion-text fusion-text-2\"><div>\n<div class=\"instrument-list\">\n<h4 class=\"fusion-responsive-typography-calculated\" style=\"--fontsize: 26; line-height: 1.34;\" data-fontsize=\"26\" data-lineheight=\"34.84px\">1st Violin<\/h4>\n<ul>\n<li>Merve Birbir, asst. concertmaster<\/li>\n<li>Bahar Kutay<\/li>\n<li>Vseslava \u00d6zt\u00fcrk<\/li>\n<li>S\u00fcreyya Defne<\/li>\n<li>Davut Aliyev<\/li>\n<li>Anna Chebukova<\/li>\n<li>H\u00fcseynali H\u00fcseynaliyev<\/li>\n<li>Svetlana Rebresh<\/li>\n<li>S\u00fcleyman Babakishizade<\/li>\n<li>Ece Naml\u0131<\/li>\n<\/ul>\n<\/div>\n<div class=\"instrument-list\">\n<h4 class=\"fusion-responsive-typography-calculated\" style=\"--fontsize: 26; line-height: 1.34;\" data-fontsize=\"26\" data-lineheight=\"34.84px\">2nd Violin<\/h4>\n<ul>\n<li>Feruza Abdullayeva, principal<\/li>\n<li>Nazik Rahmedova, asst. principal<\/li>\n<li>Adelya Ate\u015fo\u011flu<\/li>\n<li>Nil Cetiz<\/li>\n<li>Buse Korkmaz<\/li>\n<li>Fatima Nasirli<\/li>\n<\/ul>\n<\/div>\n<div class=\"instrument-list\">\n<h4 class=\"fusion-responsive-typography-calculated\" style=\"--fontsize: 26; line-height: 1.34;\" data-fontsize=\"26\" data-lineheight=\"34.84px\">Viola<\/h4>\n<ul>\n<li>Yukiyo Hirano, asst. principal<\/li>\n<li>Sema Hakio\u011flu<\/li>\n<li>Elif Ku\u015ftan<\/li>\n<li>Tijana Silinger<\/li>\n<li>Laura Ann Krentzman<\/li>\n<li>\u0130mgesu Tekerler<\/li>\n<li>\u00dczeyir Mahmudbayl\u0131<\/li>\n<\/ul>\n<\/div>\n<div class=\"instrument-list\">\n<h4>Violoncello<\/h4>\n<ul>\n<li>Serdar Rasul, asst. principal<\/li>\n<li>Artur Rahmatulla<\/li>\n<li>Yi\u011fit \u00dclgen<\/li>\n<li>Verda \u00c7avu\u015fo\u011flu<\/li>\n<li>Aoi Udagawa<\/li>\n<\/ul>\n<h4 class=\"fusion-responsive-typography-calculated\" style=\"--fontsize: 26; line-height: 1.34;\" data-fontsize=\"26\" data-lineheight=\"34.84px\">Double Bass<\/h4>\n<div class=\"coloumn\">\n<div class=\"instrument-list\">\n<ul>\n<li>Sergey Margulis, principal<\/li>\n<li>Burak Noyan<\/li>\n<li>Zurab Tsitsuashvili<\/li>\n<\/ul>\n<\/div>\n<\/div>\n<\/div>\n<\/div>\n<div>\n<div class=\"coloumn\"><\/div>\n<\/div>\n<\/div><\/div><style type=\"text\/css\">.fusion-body .fusion-builder-column-2{width:40% !important;margin-top : 20px;margin-bottom : 20px;}.fusion-builder-column-2 > .fusion-column-wrapper {padding-top : 0px !important;padding-right : 0px !important;margin-right : 4.8%;padding-bottom : 0px !important;padding-left : 0px !important;margin-left : 4.8%;}@media only screen and (max-width:1080px) {.fusion-body .fusion-builder-column-2{width:100% !important;order : 0;}.fusion-builder-column-2 > .fusion-column-wrapper {margin-right : 1.92%;margin-left : 1.92%;}}@media only screen and (max-width:1080px) {.fusion-body .fusion-builder-column-2{width:100% !important;order : 0;}.fusion-builder-column-2 > .fusion-column-wrapper {margin-right : 1.92%;margin-left : 1.92%;}}<\/style><\/div><div class=\"fusion-layout-column fusion_builder_column fusion-builder-column-3 fusion_builder_column_2_5 2_5 fusion-flex-column\"><div class=\"fusion-column-wrapper fusion-flex-justify-content-flex-start fusion-content-layout-column\" style=\"background-position:left top;background-repeat:no-repeat;-webkit-background-size:cover;-moz-background-size:cover;-o-background-size:cover;background-size:cover;padding: 0px 0px 0px 0px;\"><div class=\"fusion-text fusion-text-3\"><div class=\"coloumn\">\n<div class=\"instrument-list\">\n<h4>Flute<\/h4>\n<\/div>\n<\/div>\n<div class=\"instrument-list\">\n<ul>\n<li>Albena Sezer, principal<\/li>\n<li>Ebru Aykal<\/li>\n<\/ul>\n<\/div>\n<div class=\"instrument-list\">\n<h4 class=\"fusion-responsive-typography-calculated\" style=\"--fontsize: 26; line-height: 1.34;\" data-fontsize=\"26\" data-lineheight=\"34.84px\">Oboe<\/h4>\n<ul>\n<li>Og\u00fcn Koyuno\u011flu, principal<\/li>\n<li>Violetta Lupu<\/li>\n<li>Viktoriya Tokdemir<\/li>\n<\/ul>\n<\/div>\n<div class=\"instrument-list\">\n<h4 class=\"fusion-responsive-typography-calculated\" style=\"--fontsize: 26; line-height: 1.34;\" data-fontsize=\"26\" data-lineheight=\"34.84px\">Clarinet<\/h4>\n<ul>\n<li>Nusret \u0130spir, principal<\/li>\n<li>Selen \u00d6zy\u0131ld\u0131r\u0131m<\/li>\n<li>Leonid Volkov<\/li>\n<\/ul>\n<\/div>\n<div class=\"instrument-list\">\n<h4 class=\"fusion-responsive-typography-calculated\" style=\"--fontsize: 26; line-height: 1.34;\" data-fontsize=\"26\" data-lineheight=\"34.84px\">Bassoon<\/h4>\n<ul>\n<li>Ezgi Tando\u011fan<\/li>\n<\/ul>\n<\/div>\n<div class=\"instrument-list\">\n<h4 class=\"fusion-responsive-typography-calculated\" style=\"--fontsize: 26; line-height: 1.34;\" data-fontsize=\"26\" data-lineheight=\"34.84px\">Horn<\/h4>\n<ul>\n<li>Mustafa Kaplan, principal<\/li>\n<li>Marcel \u00dcst\u00fcn<\/li>\n<\/ul>\n<\/div>\n<div class=\"instrument-list\">\n<h4 class=\"fusion-responsive-typography-calculated\" style=\"--fontsize: 26; line-height: 1.34;\" data-fontsize=\"26\" data-lineheight=\"34.84px\">Trumpet<\/h4>\n<ul>\n<li>Julian Lupu, principal<\/li>\n<li>Onurcan \u00c7a\u011fatay<\/li>\n<li>Samuel Felipe Ca\u00f1as Quiceno<\/li>\n<\/ul>\n<\/div>\n<div class=\"instrument-list\">\n<h4 class=\"fusion-responsive-typography-calculated\" style=\"--fontsize: 26; line-height: 1.34;\" data-fontsize=\"26\" data-lineheight=\"34.84px\">Trombone<\/h4>\n<ul>\n<li>Cem G\u00fcng\u00f6r, principal<\/li>\n<li>Mehmet Ali Baydar<\/li>\n<li>Aleksey Medvedev<\/li>\n<\/ul>\n<\/div>\n<div class=\"instrument-list\">\n<h4 class=\"fusion-responsive-typography-calculated\" style=\"--fontsize: 26; line-height: 1.34;\" data-fontsize=\"26\" data-lineheight=\"34.84px\">Tuba<\/h4>\n<ul>\n<li>Noriyoshi Murakami<\/li>\n<\/ul>\n<\/div>\n<div class=\"instrument-list\">\n<h4>Percussion<\/h4>\n<ul>\n<li>Ayd\u0131n Mecid, principal<\/li>\n<\/ul>\n<\/div>\n<\/div><\/div><style type=\"text\/css\">.fusion-body .fusion-builder-column-3{width:40% !important;margin-top : 20px;margin-bottom : 20px;}.fusion-builder-column-3 > .fusion-column-wrapper {padding-top : 0px !important;padding-right : 0px !important;margin-right : 4.8%;padding-bottom : 0px !important;padding-left : 0px !important;margin-left : 4.8%;}@media only screen and (max-width:1080px) {.fusion-body .fusion-builder-column-3{width:100% !important;order : 0;}.fusion-builder-column-3 > .fusion-column-wrapper {margin-right : 1.92%;margin-left : 1.92%;}}@media only screen and (max-width:1080px) {.fusion-body .fusion-builder-column-3{width:100% !important;order : 0;}.fusion-builder-column-3 > .fusion-column-wrapper {margin-right : 1.92%;margin-left : 1.92%;}}<\/style><\/div><\/div><style type=\"text\/css\">.fusion-body .fusion-flex-container.fusion-builder-row-2{ padding-top : 0px;margin-top : 0px;padding-right : 0px;padding-bottom : 0px;margin-bottom : 0px;padding-left : 0px;}<\/style><\/div><\/p>\n","protected":false},"excerpt":{"rendered":"","protected":false},"author":1,"featured_media":0,"parent":1529,"menu_order":0,"comment_status":"closed","ping_status":"closed","template":"","meta":{"footnotes":""},"_links":{"self":[{"href":"https:\/\/bso.bilkent.edu.tr\/en\/index.php\/wp-json\/wp\/v2\/pages\/1531"}],"collection":[{"href":"https:\/\/bso.bilkent.edu.tr\/en\/index.php\/wp-json\/wp\/v2\/pages"}],"about":[{"href":"https:\/\/bso.bilkent.edu.tr\/en\/index.php\/wp-json\/wp\/v2\/types\/page"}],"author":[{"embeddable":true,"href":"https:\/\/bso.bilkent.edu.tr\/en\/index.php\/wp-json\/wp\/v2\/users\/1"}],"replies":[{"embeddable":true,"href":"https:\/\/bso.bilkent.edu.tr\/en\/index.php\/wp-json\/wp\/v2\/comments?post=1531"}],"version-history":[{"count":20,"href":"https:\/\/bso.bilkent.edu.tr\/en\/index.php\/wp-json\/wp\/v2\/pages\/1531\/revisions"}],"predecessor-version":[{"id":4250,"href":"https:\/\/bso.bilkent.edu.tr\/en\/index.php\/wp-json\/wp\/v2\/pages\/1531\/revisions\/4250"}],"up":[{"embeddable":true,"href":"https:\/\/bso.bilkent.edu.tr\/en\/index.php\/wp-json\/wp\/v2\/pages\/1529"}],"wp:attachment":[{"href":"https:\/\/bso.bilkent.edu.tr\/en\/index.php\/wp-json\/wp\/v2\/media?parent=1531"}],"curies":[{"name":"wp","href":"https:\/\/api.w.org\/{rel}","templated":true}]}}