{"id":1539,"date":"2021-09-07T10:04:04","date_gmt":"2021-09-07T10:04:04","guid":{"rendered":"https:\/\/bso.bilkent.edu.tr\/en\/?page_id=1539"},"modified":"2021-09-23T06:50:41","modified_gmt":"2021-09-23T06:50:41","slug":"cd-collection","status":"publish","type":"page","link":"https:\/\/bso.bilkent.edu.tr\/en\/index.php\/archive\/cd-collection\/","title":{"rendered":"CD Collection"},"content":{"rendered":"<p><div class=\"fusion-fullwidth fullwidth-box fusion-builder-row-1 fusion-flex-container nonhundred-percent-fullwidth non-hundred-percent-height-scrolling\" style=\"background-color: #000000;background-position: center center;background-repeat: no-repeat;border-width: 0px 0px 0px 0px;border-color:#eae9e9;border-style:solid;\" ><div class=\"fusion-builder-row fusion-row fusion-flex-align-items-flex-start\" style=\"max-width:1404px;margin-left: calc(-4% \/ 2 );margin-right: calc(-4% \/ 2 );\"><div class=\"fusion-layout-column fusion_builder_column fusion-builder-column-0 fusion_builder_column_1_5 1_5 fusion-flex-column\"><div class=\"fusion-column-wrapper fusion-flex-justify-content-flex-start fusion-content-layout-column\" style=\"background-position:left top;background-repeat:no-repeat;-webkit-background-size:cover;-moz-background-size:cover;-o-background-size:cover;background-size:cover;padding: 0px 0px 0px 0px;\"><\/div><style type=\"text\/css\">.fusion-body .fusion-builder-column-0{width:20% !important;margin-top : 20px;margin-bottom : 20px;}.fusion-builder-column-0 > .fusion-column-wrapper {padding-top : 0px !important;padding-right : 0px !important;margin-right : 9.6%;padding-bottom : 0px !important;padding-left : 0px !important;margin-left : 9.6%;}@media only screen and (max-width:1080px) {.fusion-body .fusion-builder-column-0{width:100% !important;order : 0;}.fusion-builder-column-0 > .fusion-column-wrapper {margin-right : 1.92%;margin-left : 1.92%;}}@media only screen and (max-width:1080px) {.fusion-body .fusion-builder-column-0{width:100% !important;order : 0;}.fusion-builder-column-0 > .fusion-column-wrapper {margin-right : 1.92%;margin-left : 1.92%;}}<\/style><\/div><div class=\"fusion-layout-column fusion_builder_column fusion-builder-column-1 fusion_builder_column_4_5 4_5 fusion-flex-column\"><div class=\"fusion-column-wrapper fusion-flex-justify-content-flex-start fusion-content-layout-column\" style=\"background-position:left top;background-repeat:no-repeat;-webkit-background-size:cover;-moz-background-size:cover;-o-background-size:cover;background-size:cover;padding: 0px 0px 0px 0px;\"><div class=\"fusion-text fusion-text-1\"><p>CD Collection<\/p>\n<\/div><\/div><style type=\"text\/css\">.fusion-body .fusion-builder-column-1{width:80% !important;margin-top : 20px;margin-bottom : 20px;}.fusion-builder-column-1 > .fusion-column-wrapper {padding-top : 0px !important;padding-right : 0px !important;margin-right : 2.4%;padding-bottom : 0px !important;padding-left : 0px !important;margin-left : 2.4%;}@media only screen and (max-width:1080px) {.fusion-body .fusion-builder-column-1{width:100% !important;order : 0;}.fusion-builder-column-1 > .fusion-column-wrapper {margin-right : 1.92%;margin-left : 1.92%;}}@media only screen and (max-width:1080px) {.fusion-body .fusion-builder-column-1{width:100% !important;order : 0;}.fusion-builder-column-1 > .fusion-column-wrapper {margin-right : 1.92%;margin-left : 1.92%;}}<\/style><\/div><\/div><style type=\"text\/css\">.fusion-body .fusion-flex-container.fusion-builder-row-1{ padding-top : 0px;margin-top : 0px;padding-right : 0px;padding-bottom : 0px;margin-bottom : 0px;padding-left : 0px;}<\/style><\/div><div class=\"fusion-fullwidth fullwidth-box fusion-builder-row-2 fusion-flex-container nonhundred-percent-fullwidth non-hundred-percent-height-scrolling\" style=\"background-color: #ffffff;background-position: center center;background-repeat: no-repeat;border-width: 0px 0px 0px 0px;border-color:#eae9e9;border-style:solid;\" ><div class=\"fusion-builder-row fusion-row fusion-flex-align-items-flex-start\" style=\"max-width:1404px;margin-left: calc(-4% \/ 2 );margin-right: calc(-4% \/ 2 );\"><div class=\"fusion-layout-column fusion_builder_column fusion-builder-column-2 fusion_builder_column_1_1 1_1 fusion-flex-column\"><div class=\"fusion-column-wrapper fusion-flex-justify-content-flex-start fusion-content-layout-column\" style=\"background-position:left top;background-repeat:no-repeat;-webkit-background-size:cover;-moz-background-size:cover;-o-background-size:cover;background-size:cover;padding: 0px 0px 0px 0px;\"><div class=\"fusion-separator fusion-full-width-sep\" style=\"align-self: center;margin-left: auto;margin-right: auto;width:100%;\"><div class=\"fusion-separator-border sep-single sep-solid\" style=\"border-color:#e0dede;border-top-width:1px;\"><\/div><\/div><\/div><style type=\"text\/css\">.fusion-body .fusion-builder-column-2{width:100% !important;margin-top : 20px;margin-bottom : 20px;}.fusion-builder-column-2 > .fusion-column-wrapper {padding-top : 0px !important;padding-right : 0px !important;margin-right : 1.92%;padding-bottom : 0px !important;padding-left : 0px !important;margin-left : 1.92%;}@media only screen and (max-width:1080px) {.fusion-body .fusion-builder-column-2{width:100% !important;order : 0;}.fusion-builder-column-2 > .fusion-column-wrapper {margin-right : 1.92%;margin-left : 1.92%;}}@media only screen and (max-width:1080px) {.fusion-body .fusion-builder-column-2{width:100% !important;order : 0;}.fusion-builder-column-2 > .fusion-column-wrapper {margin-right : 1.92%;margin-left : 1.92%;}}<\/style><\/div><div class=\"fusion-layout-column fusion_builder_column fusion-builder-column-3 fusion_builder_column_1_5 1_5 fusion-flex-column\"><div class=\"fusion-column-wrapper fusion-flex-justify-content-flex-start fusion-content-layout-column\" style=\"background-position:left top;background-repeat:no-repeat;-webkit-background-size:cover;-moz-background-size:cover;-o-background-size:cover;background-size:cover;padding: 0px 0px 0px 0px;\"><\/div><style type=\"text\/css\">.fusion-body .fusion-builder-column-3{width:20% !important;margin-top : 20px;margin-bottom : 20px;}.fusion-builder-column-3 > .fusion-column-wrapper {padding-top : 0px !important;padding-right : 0px !important;margin-right : 9.6%;padding-bottom : 0px !important;padding-left : 0px !important;margin-left : 9.6%;}@media only screen and (max-width:1080px) {.fusion-body .fusion-builder-column-3{width:100% !important;order : 0;}.fusion-builder-column-3 > .fusion-column-wrapper {margin-right : 1.92%;margin-left : 1.92%;}}@media only screen and (max-width:1080px) {.fusion-body .fusion-builder-column-3{width:100% !important;order : 0;}.fusion-builder-column-3 > .fusion-column-wrapper {margin-right : 1.92%;margin-left : 1.92%;}}<\/style><\/div><div class=\"fusion-layout-column fusion_builder_column fusion-builder-column-4 fusion_builder_column_4_5 4_5 fusion-flex-column\"><div class=\"fusion-column-wrapper fusion-flex-justify-content-flex-start fusion-content-layout-column\" style=\"background-position:left top;background-repeat:no-repeat;-webkit-background-size:cover;-moz-background-size:cover;-o-background-size:cover;background-size:cover;padding: 0px 0px 0px 0px;\"><div class=\"fusion-text fusion-text-2\"><p>Our listeners who want to complete their collections can apply to bso@bilkent.edu.tr to obtain the CDs in the list below.<\/p>\n<\/div><\/div><style type=\"text\/css\">.fusion-body .fusion-builder-column-4{width:80% !important;margin-top : 20px;margin-bottom : 20px;}.fusion-builder-column-4 > .fusion-column-wrapper {padding-top : 0px !important;padding-right : 0px !important;margin-right : 2.4%;padding-bottom : 0px !important;padding-left : 0px !important;margin-left : 2.4%;}@media only screen and (max-width:1080px) {.fusion-body .fusion-builder-column-4{width:100% !important;order : 0;}.fusion-builder-column-4 > .fusion-column-wrapper {margin-right : 1.92%;margin-left : 1.92%;}}@media only screen and (max-width:1080px) {.fusion-body .fusion-builder-column-4{width:100% !important;order : 0;}.fusion-builder-column-4 > .fusion-column-wrapper {margin-right : 1.92%;margin-left : 1.92%;}}<\/style><\/div><\/div><style type=\"text\/css\">.fusion-body .fusion-flex-container.fusion-builder-row-2{ padding-top : 0px;margin-top : 0px;padding-right : 0px;padding-bottom : 0px;margin-bottom : 0px;padding-left : 0px;}<\/style><\/div><div class=\"fusion-fullwidth fullwidth-box fusion-builder-row-3 fusion-flex-container nonhundred-percent-fullwidth non-hundred-percent-height-scrolling\" style=\"background-color: #ffffff;background-position: center center;background-repeat: no-repeat;border-width: 0px 0px 0px 0px;border-color:#eae9e9;border-style:solid;\" ><div class=\"fusion-builder-row fusion-row fusion-flex-align-items-flex-start\" style=\"max-width:1404px;margin-left: calc(-4% \/ 2 );margin-right: calc(-4% \/ 2 );\"><div class=\"fusion-layout-column fusion_builder_column fusion-builder-column-5 fusion_builder_column_1_5 1_5 fusion-flex-column\"><div class=\"fusion-column-wrapper fusion-flex-justify-content-flex-start fusion-content-layout-column\" style=\"background-position:left top;background-repeat:no-repeat;-webkit-background-size:cover;-moz-background-size:cover;-o-background-size:cover;background-size:cover;padding: 0px 0px 0px 0px;\"><\/div><style type=\"text\/css\">.fusion-body .fusion-builder-column-5{width:20% !important;margin-top : 20px;margin-bottom : 20px;}.fusion-builder-column-5 > .fusion-column-wrapper {padding-top : 0px !important;padding-right : 0px !important;margin-right : 9.6%;padding-bottom : 0px !important;padding-left : 0px !important;margin-left : 9.6%;}@media only screen and (max-width:1080px) {.fusion-body .fusion-builder-column-5{width:100% !important;order : 0;}.fusion-builder-column-5 > .fusion-column-wrapper {margin-right : 1.92%;margin-left : 1.92%;}}@media only screen and (max-width:1080px) {.fusion-body .fusion-builder-column-5{width:100% !important;order : 0;}.fusion-builder-column-5 > .fusion-column-wrapper {margin-right : 1.92%;margin-left : 1.92%;}}<\/style><\/div><div class=\"fusion-layout-column fusion_builder_column fusion-builder-column-6 fusion_builder_column_4_5 4_5 fusion-flex-column\"><div class=\"fusion-column-wrapper fusion-flex-justify-content-flex-start fusion-content-layout-column\" style=\"background-position:left top;background-repeat:no-repeat;-webkit-background-size:cover;-moz-background-size:cover;-o-background-size:cover;background-size:cover;padding: 0px 0px 0px 0px;\"><div class=\"fusion-text fusion-text-3\"><ul>\n<li><a href=\"https:\/\/bso.bilkent.edu.tr\/en\/index.php\/about-us\/cd-dvd-collections\/cd-collection\/cd-january-1999-bilkent-concert-hall\/\">Bilkent Symphony Orchestra, Konstantin Krimetz<\/a><\/li>\n<li><a href=\"https:\/\/bso.bilkent.edu.tr\/en\/index.php\/about-us\/cd-dvd-collections\/cd-collection\/cd-september-2009-bilkent-concert-hall\/\">Kamran \u0130nce, Concerto for Orchestra, Symphony No.2<\/a><\/li>\n<li><a href=\"https:\/\/bso.bilkent.edu.tr\/en\/index.php\/about-us\/cd-dvd-collections\/cd-collection\/340-2\/\">G\u00fclsin Onay, Mozart Piano Concertos No.20, 21<\/a><\/li>\n<li>\u0130dil Biret, Beethoven Piano Concertos |\u00a0<a href=\"https:\/\/bso.bilkent.edu.tr\/en\/index.php\/about-us\/cd-dvd-collections\/cd-collection\/344-2\/\">Vol.1<\/a>\u00a0|\u00a0<a href=\"https:\/\/bso.bilkent.edu.tr\/en\/index.php\/about-us\/cd-dvd-collections\/cd-collection\/cd-january-2008-bilkent-concert-hall-vol-2\/\">Vol.2<\/a>\u00a0|\u00a0<a href=\"https:\/\/bso.bilkent.edu.tr\/en\/index.php\/about-us\/cd-dvd-collections\/cd-collection\/cd-february-2008-bilkent-concert-hall-vol-3\/\">Vol.3<\/a>\u00a0|<\/li>\n<li><a href=\"https:\/\/bso.bilkent.edu.tr\/en\/index.php\/about-us\/cd-dvd-collections\/cd-collection\/cd-december-2006-bilkent-concert-hall\/\">\u0130dil Biret, Schumann, Grieg Piano Concertos<\/a><\/li>\n<li><a href=\"https:\/\/bso.bilkent.edu.tr\/en\/index.php\/about-us\/cd-dvd-collections\/cd-collection\/cd-december-2004-may-2007-bilkent-concert-hall\/\">\u0130dil Biret, Tchaikovsky Piano Concertos No.1, 3<\/a><\/li>\n<li><a href=\"https:\/\/bso.bilkent.edu.tr\/en\/index.php\/about-us\/cd-dvd-collections\/cd-collection\/cd-february-1999-february-1998-february-1996-bilkent-concert-hall\/\">\u0130dil Biret, Saint-Saens, Ravel Piano Concertos<\/a><\/li>\n<li><a href=\"https:\/\/bso.bilkent.edu.tr\/en\/index.php\/about-us\/cd-dvd-collections\/cd-collection\/cd-june-2004-bilkent-concert-hall\/\">\u0130dil Biret, Liszt Piano Concertos<\/a><\/li>\n<li><a href=\"https:\/\/bso.bilkent.edu.tr\/en\/index.php\/about-us\/cd-dvd-collections\/cd-collection\/cd-1998-bilkent-konser-salonu\/\">Muammer Sun, Kurtulu\u015f &amp; Cumhuriyet<\/a><\/li>\n<li><a href=\"https:\/\/bso.bilkent.edu.tr\/en\/index.php\/about-us\/cd-dvd-collections\/cd-collection\/cd-april-2006-bilkent-concert-hall\/\">G\u00fclsin Onay, Saygun Piano Concertos<\/a><\/li>\n<li><a href=\"https:\/\/bso.bilkent.edu.tr\/en\/index.php\/about-us\/cd-dvd-collections\/cd-collection\/cd-september-2007-bilkent-concert-hall\/\">Necil Kaz\u0131m Akses<\/a><\/li>\n<li><a href=\"https:\/\/bso.bilkent.edu.tr\/en\/index.php\/about-us\/cd-dvd-collections\/cd-collection\/cd-june-2006-bilkent-concert-hall\/\">Ahmed Adnan Saygun, Cello Concerto, Viola Concerto<\/a><\/li>\n<li><a href=\"https:\/\/bso.bilkent.edu.tr\/en\/index.php\/about-us\/cd-dvd-collections\/cd-collection\/cd-28-may-2-june-2005-bilkent-concert-hall\/\">Emil Tabakov, Two Flutes Concerto, Piano Concerto<\/a><\/li>\n<li><a href=\"https:\/\/bso.bilkent.edu.tr\/en\/index.php\/about-us\/cd-dvd-collections\/cd-collection\/cd-16-19-december-2005-bilkent-concert-hall\/\">\u0130dil Biret, Massenet, Franck<\/a><\/li>\n<li><a href=\"https:\/\/bso.bilkent.edu.tr\/en\/index.php\/about-us\/cd-dvd-collections\/cd-collection\/cd-29-june-1-july-2003-bilkent-concert-hall\/\">Jean-Philippe Collard, Sancan, Tchaikovsky<\/a><\/li>\n<li><a href=\"https:\/\/bso.bilkent.edu.tr\/tr\/cd-eylul-2004-bilkent-konser-salonu\/\">Ulvi Cemal Erkin<\/a><\/li>\n<li><a href=\"https:\/\/bso.bilkent.edu.tr\/en\/index.php\/about-us\/cd-dvd-collections\/cd-collection\/cd-september-2003-bilkent-concert-hall\/\">Faz\u0131l Say,\u00a0Naz\u0131m<\/a><\/li>\n<li><a href=\"https:\/\/bso.bilkent.edu.tr\/en\/index.php\/about-us\/cd-dvd-collections\/cd-collection\/cd-december-2004-bilkent-concert-hall\/\">G\u00fclsin Onay, Tchaikovsky Piano Concerto No.1<\/a><\/li>\n<li><a href=\"https:\/\/bso.bilkent.edu.tr\/en\/index.php\/about-us\/cd-dvd-collections\/cd-collection\/cd-21-23-december-2003-bilkent-concert-hall-25-november-1958-new-york\/\">Ahmed Adnan Saygun, Yunus Emre<\/a><\/li>\n<li><a href=\"https:\/\/bso.bilkent.edu.tr\/en\/index.php\/about-us\/cd-dvd-collections\/cd-collection\/cd-november-1998-bilkent-concert-hall\/\">\u0130dil Biret, Beethoven Piano Concertos, Choral Fantasia<\/a><\/li>\n<li><a href=\"https:\/\/bso.bilkent.edu.tr\/en\/index.php\/about-us\/cd-dvd-collections\/cd-collection\/cd-september-2001-bilkent-concert-hall\/\">Eczac\u0131ba\u015f\u0131 National Compotition Contest<\/a><\/li>\n<li><a href=\"https:\/\/bso.bilkent.edu.tr\/en\/index.php\/about-us\/cd-dvd-collections\/cd-collection\/cd-november-2000-february-2001-bilkent-concert-hall\/\">Ahmed Adnan Saygun, Symphony No.3, Variations for Orchestra<\/a><\/li>\n<li><a href=\"https:\/\/bso.bilkent.edu.tr\/en\/index.php\/about-us\/cd-dvd-collections\/cd-collection\/cd-june-2000-st-petersburg\/\">G\u00fclsin Onay, Chopin Piano Concertos<\/a><\/li>\n<li><a href=\"https:\/\/bso.bilkent.edu.tr\/en\/index.php\/about-us\/cd-dvd-collections\/cd-collection\/cd-june-2000-st-petersburg-philharmonic-orchestra-st-petersburg-october-1987-prag\/\">Ahmed Adnan Saygun, Piano Concerto No.1, Symphony No.3<\/a><\/li>\n<li><a href=\"https:\/\/bso.bilkent.edu.tr\/en\/index.php\/about-us\/cd-dvd-collections\/cd-collection\/cd-april-2000-bilkent-concert-hall\/\">Hakan Aysev<\/a><\/li>\n<li><a href=\"https:\/\/bso.bilkent.edu.tr\/en\/index.php\/about-us\/cd-dvd-collections\/cd-collection\/cd-april-2000-december-1996-bilkent-concert-hall\/\">Mesut \u0130ktu<\/a><\/li>\n<li><a href=\"https:\/\/bso.bilkent.edu.tr\/en\/index.php\/about-us\/cd-dvd-collections\/cd-collection\/cd-december-1995-bilkent-concert-hall\/\">Schumann, Piano Concerto, Symphony No.1<\/a><\/li>\n<li><a href=\"https:\/\/bso.bilkent.edu.tr\/en\/index.php\/about-us\/cd-dvd-collections\/cd-collection\/cd-february-2000-april-2000-bilkent-concert-hall\/\">Ahmed Adnan Saygun, Piano Concerto, Violoncello Concerto<\/a><\/li>\n<li><a href=\"https:\/\/bso.bilkent.edu.tr\/en\/index.php\/about-us\/cd-dvd-collections\/cd-collection\/cd-february-1999-february-1998-february-1996-bilkent-concert-hall-2\/\">\u0130dil Biret, Saint-Saens, Ravel Piano Concertos<\/a><\/li>\n<li><a href=\"https:\/\/bso.bilkent.edu.tr\/en\/index.php\/about-us\/cd-dvd-collections\/cd-collection\/cd-1999-bilkent-concert-hall\/\">Hande Dalk\u0131l\u0131\u00e7, Ahmed Adnan Saygun<\/a><\/li>\n<li><a href=\"https:\/\/bso.bilkent.edu.tr\/en\/index.php\/about-us\/cd-dvd-collections\/cd-collection\/cd-november-1999-bilkent-konser-salonu\/\">Elza Kolodin, Chopin Piano Concertos<\/a><\/li>\n<li><a href=\"https:\/\/bso.bilkent.edu.tr\/en\/index.php\/about-us\/cd-dvd-collections\/cd-collection\/cd-october-1999-bilkent-concert-hall\/\">Carmina Burana, Carl Orff<\/a><\/li>\n<li><a href=\"https:\/\/bso.bilkent.edu.tr\/en\/index.php\/about-us\/cd-dvd-collections\/cd-collection\/cd-december-1995-bilkent-concert-hall-2\/\">Mozart, Requiem<\/a><\/li>\n<li><a href=\"https:\/\/bso.bilkent.edu.tr\/en\/index.php\/about-us\/cd-dvd-collections\/cd-collection\/cd-april-1998-april-1996-may-1995-may-1997-bilkent-concert-hall\/\">Bilkent Symphony Orchestra, G\u00fcrer Aykal<\/a><\/li>\n<li><a href=\"https:\/\/bso.bilkent.edu.tr\/en\/index.php\/about-us\/cd-dvd-collections\/cd-collection\/cd-january-1995-bilkent-concert-hall\/\">Igor Oistrakh, Natalia Zertsalova<\/a><\/li>\n<li><a href=\"https:\/\/bso.bilkent.edu.tr\/en\/index.php\/about-us\/cd-dvd-collections\/cd-collection\/cd-march-1998-bilkent-concert-hall\/\">Tchaikovsky, Symphony No.6<\/a><\/li>\n<li><a href=\"https:\/\/bso.bilkent.edu.tr\/en\/index.php\/about-us\/cd-dvd-collections\/cd-collection\/cd-june-1997-bilkent-concert-hall\/\">Tchaikovsky, Smetana, Ravel<\/a><\/li>\n<li><a href=\"https:\/\/bso.bilkent.edu.tr\/en\/index.php\/about-us\/cd-dvd-collections\/cd-collection\/cd-april-1995-bilkent-concert-hall\/\">Bilkent Chamber Orchestra, Server Ganiyev<\/a><\/li>\n<li><a href=\"https:\/\/bso.bilkent.edu.tr\/en\/index.php\/about-us\/cd-dvd-collections\/cd-collection\/cd-november-1996-bilkent-concert-hall\/\">Haydn, Roussel, Enescu<\/a><\/li>\n<li><a href=\"https:\/\/bso.bilkent.edu.tr\/tr\/cd-19-kasim-1996-bilkent-konser-salonu\/\">Lalo, Faur\u00e9, Berlioz<\/a><\/li>\n<li><a href=\"https:\/\/bso.bilkent.edu.tr\/en\/index.php\/about-us\/cd-dvd-collections\/cd-collection\/cd-10-february-1998-bilkent-concert-hall\/\">Massenet, Chausson<\/a><\/li>\n<li><a href=\"https:\/\/bso.bilkent.edu.tr\/en\/index.php\/about-us\/cd-dvd-collections\/cd-collection\/cd-february-1996-bilkent-concert-hall\/\">Debussy, Franck<\/a><\/li>\n<\/ul>\n<\/div><\/div><style type=\"text\/css\">.fusion-body .fusion-builder-column-6{width:80% !important;margin-top : 20px;margin-bottom : 20px;}.fusion-builder-column-6 > .fusion-column-wrapper {padding-top : 0px !important;padding-right : 0px !important;margin-right : 2.4%;padding-bottom : 0px !important;padding-left : 0px !important;margin-left : 2.4%;}@media only screen and (max-width:1080px) {.fusion-body .fusion-builder-column-6{width:100% !important;order : 0;}.fusion-builder-column-6 > .fusion-column-wrapper {margin-right : 1.92%;margin-left : 1.92%;}}@media only screen and (max-width:1080px) {.fusion-body .fusion-builder-column-6{width:100% !important;order : 0;}.fusion-builder-column-6 > .fusion-column-wrapper {margin-right : 1.92%;margin-left : 1.92%;}}<\/style><\/div><\/div><style type=\"text\/css\">.fusion-body .fusion-flex-container.fusion-builder-row-3{ padding-top : 0px;margin-top : 0px;padding-right : 0px;padding-bottom : 0px;margin-bottom : 0px;padding-left : 0px;}<\/style><\/div><\/p>\n","protected":false},"excerpt":{"rendered":"","protected":false},"author":1,"featured_media":0,"parent":1537,"menu_order":0,"comment_status":"closed","ping_status":"closed","template":"100-width.php","meta":{"footnotes":""},"_links":{"self":[{"href":"https:\/\/bso.bilkent.edu.tr\/en\/index.php\/wp-json\/wp\/v2\/pages\/1539"}],"collection":[{"href":"https:\/\/bso.bilkent.edu.tr\/en\/index.php\/wp-json\/wp\/v2\/pages"}],"about":[{"href":"https:\/\/bso.bilkent.edu.tr\/en\/index.php\/wp-json\/wp\/v2\/types\/page"}],"author":[{"embeddable":true,"href":"https:\/\/bso.bilkent.edu.tr\/en\/index.php\/wp-json\/wp\/v2\/users\/1"}],"replies":[{"embeddable":true,"href":"https:\/\/bso.bilkent.edu.tr\/en\/index.php\/wp-json\/wp\/v2\/comments?post=1539"}],"version-history":[{"count":7,"href":"https:\/\/bso.bilkent.edu.tr\/en\/index.php\/wp-json\/wp\/v2\/pages\/1539\/revisions"}],"predecessor-version":[{"id":1813,"href":"https:\/\/bso.bilkent.edu.tr\/en\/index.php\/wp-json\/wp\/v2\/pages\/1539\/revisions\/1813"}],"up":[{"embeddable":true,"href":"https:\/\/bso.bilkent.edu.tr\/en\/index.php\/wp-json\/wp\/v2\/pages\/1537"}],"wp:attachment":[{"href":"https:\/\/bso.bilkent.edu.tr\/en\/index.php\/wp-json\/wp\/v2\/media?parent=1539"}],"curies":[{"name":"wp","href":"https:\/\/api.w.org\/{rel}","templated":true}]}}