{"id":1372,"date":"2021-05-15T09:41:12","date_gmt":"2021-05-15T09:41:12","guid":{"rendered":"https:\/\/bso.bilkent.edu.tr\/tr\/?page_id=1372"},"modified":"2026-02-11T12:06:05","modified_gmt":"2026-02-11T12:06:05","slug":"orkestra-hakkinda","status":"publish","type":"page","link":"https:\/\/bso.bilkent.edu.tr\/tr\/index.php\/orkestra-hakkinda\/","title":{"rendered":"Orkestra Hakk\u0131nda"},"content":{"rendered":"<p><div class=\"fusion-fullwidth fullwidth-box fusion-builder-row-1 fusion-flex-container nonhundred-percent-fullwidth non-hundred-percent-height-scrolling\" style=\"background-color: #ffffff;background-position: center center;background-repeat: no-repeat;border-width: 0px 0px 0px 0px;border-color:#eae9e9;border-style:solid;\" ><div class=\"fusion-builder-row fusion-row fusion-flex-align-items-flex-start\" style=\"max-width:1404px;margin-left: calc(-4% \/ 2 );margin-right: calc(-4% \/ 2 );\"><div class=\"fusion-layout-column fusion_builder_column fusion-builder-column-0 fusion_builder_column_3_4 3_4 fusion-flex-column fusion-animated\" data-animationType=\"fadeInLeft\" data-animationDuration=\"0.8\" data-animationOffset=\"100%\"><div class=\"fusion-column-wrapper fusion-flex-justify-content-flex-start fusion-content-layout-column\" style=\"background-position:left top;background-repeat:no-repeat;-webkit-background-size:cover;-moz-background-size:cover;-o-background-size:cover;background-size:cover;padding: 0px 0px 0px 0px;\"><div class=\"fusion-text fusion-text-1 caption\"><h3>Bilkent Senfoni Orkestras\u0131<\/h3>\n<\/div><\/div><style type=\"text\/css\">.fusion-body .fusion-builder-column-0{width:75% !important;margin-top : 0px;margin-bottom : 0px;}.fusion-builder-column-0 > .fusion-column-wrapper {padding-top : 0px !important;padding-right : 0px !important;margin-right : 2.56%;padding-bottom : 0px !important;padding-left : 0px !important;margin-left : 2.56%;}@media only screen and (max-width:1080px) {.fusion-body .fusion-builder-column-0{width:100% !important;}.fusion-builder-column-0 > .fusion-column-wrapper {margin-right : 1.92%;margin-left : 1.92%;}}@media only screen and (max-width:1080px) {.fusion-body .fusion-builder-column-0{width:100% !important;}.fusion-builder-column-0 > .fusion-column-wrapper {margin-right : 1.92%;margin-left : 1.92%;}}<\/style><\/div><div class=\"fusion-layout-column fusion_builder_column fusion-builder-column-1 fusion_builder_column_1_4 1_4 fusion-flex-column fusion-no-small-visibility fusion-no-medium-visibility\"><div class=\"fusion-column-wrapper fusion-flex-justify-content-flex-start fusion-content-layout-column\" style=\"background-position:left top;background-repeat:no-repeat;-webkit-background-size:cover;-moz-background-size:cover;-o-background-size:cover;background-size:cover;padding: 0px 0px 0px 0px;\"><\/div><style type=\"text\/css\">.fusion-body .fusion-builder-column-1{width:25% !important;margin-top : 0px;margin-bottom : 20px;}.fusion-builder-column-1 > .fusion-column-wrapper {padding-top : 0px !important;padding-right : 0px !important;margin-right : 7.68%;padding-bottom : 0px !important;padding-left : 0px !important;margin-left : 7.68%;}@media only screen and (max-width:1080px) {.fusion-body .fusion-builder-column-1{width:100% !important;}.fusion-builder-column-1 > .fusion-column-wrapper {margin-right : 1.92%;margin-left : 1.92%;}}@media only screen and (max-width:1080px) {.fusion-body .fusion-builder-column-1{width:100% !important;}.fusion-builder-column-1 > .fusion-column-wrapper {margin-right : 1.92%;margin-left : 1.92%;}}<\/style><\/div><\/div><style type=\"text\/css\">.fusion-body .fusion-flex-container.fusion-builder-row-1{ padding-top : 0px;margin-top : 0px;padding-right : 0px;padding-bottom : 0px;margin-bottom : 0px;padding-left : 0px;}<\/style><\/div><div class=\"fusion-fullwidth fullwidth-box fusion-builder-row-2 fusion-flex-container nonhundred-percent-fullwidth non-hundred-percent-height-scrolling fusion-no-small-visibility fusion-no-medium-visibility\" style=\"background-color: #ffffff;background-position: center center;background-repeat: no-repeat;border-width: 0px 0px 0px 0px;border-color:#eae9e9;border-style:solid;\" ><div class=\"fusion-builder-row fusion-row fusion-flex-align-items-flex-start\" style=\"max-width:1404px;margin-left: calc(-4% \/ 2 );margin-right: calc(-4% \/ 2 );\"><div class=\"fusion-layout-column fusion_builder_column fusion-builder-column-2 fusion_builder_column_2_5 2_5 fusion-flex-column\"><div class=\"fusion-column-wrapper fusion-flex-justify-content-flex-start fusion-content-layout-column\" style=\"background-position:left top;background-repeat:no-repeat;-webkit-background-size:cover;-moz-background-size:cover;-o-background-size:cover;background-size:cover;padding: 0px 0px 0px 0px;\"><div ><span class=\" fusion-imageframe imageframe-none imageframe-1 hover-type-none\"><img decoding=\"async\" width=\"1707\" height=\"2560\" title=\"DSC03415_2019-09-14\" src=\"data:image\/svg+xml,%3Csvg%20xmlns%3D%27http%3A%2F%2Fwww.w3.org%2F2000%2Fsvg%27%20width%3D%271707%27%20height%3D%272560%27%20viewBox%3D%270%200%201707%202560%27%3E%3Crect%20width%3D%271707%27%20height%3D%272560%27%20fill-opacity%3D%220%22%2F%3E%3C%2Fsvg%3E\" data-orig-src=\"https:\/\/bso.bilkent.edu.tr\/tr\/wp-content\/uploads\/2021\/10\/DSC03415_2019-09-14-scaled-e1633437474273.jpg\" class=\"lazyload img-responsive wp-image-2332\"\/><\/span><\/div><\/div><style type=\"text\/css\">.fusion-body .fusion-builder-column-2{width:40% !important;margin-top : 0px;margin-bottom : 20px;}.fusion-builder-column-2 > .fusion-column-wrapper {padding-top : 0px !important;padding-right : 0px !important;margin-right : 4.8%;padding-bottom : 0px !important;padding-left : 0px !important;margin-left : 4.8%;}@media only screen and (max-width:1080px) {.fusion-body .fusion-builder-column-2{width:100% !important;order : 0;}.fusion-builder-column-2 > .fusion-column-wrapper {margin-right : 1.92%;margin-left : 1.92%;}}@media only screen and (max-width:1080px) {.fusion-body .fusion-builder-column-2{width:100% !important;order : 0;}.fusion-builder-column-2 > .fusion-column-wrapper {margin-right : 1.92%;margin-left : 1.92%;}}<\/style><\/div><div class=\"fusion-layout-column fusion_builder_column fusion-builder-column-3 fusion_builder_column_3_5 3_5 fusion-flex-column\"><div class=\"fusion-column-wrapper fusion-flex-justify-content-flex-start fusion-content-layout-column\" style=\"background-position:left top;background-repeat:no-repeat;-webkit-background-size:cover;-moz-background-size:cover;-o-background-size:cover;background-size:cover;padding: 0px 0px 0px 0px;\"><div class=\"fusion-text fusion-text-2\"><p>1993 y\u0131l\u0131nda \u00f6zg\u00fcn bir sanat projesi olarak kurulan Bilkent Senfoni Orkestras\u0131 (BSO), T\u00fcrkiye&#8217;nin ilk \u00f6zel ve akademik sanat toplulu\u011fudur.<\/p>\n<p>Bilkent \u00dcniversitesi M\u00fczik ve Sahne Sanatlar\u0131 Fak\u00fcltesi&#8217;nin \u00f6\u011fretim kadrosunda yer alan se\u00e7kin sanat\u00e7\u0131lardan olu\u015fan BSO, her y\u0131l yakla\u015f\u0131k 30&#8217;u a\u015fk\u0131n etkinlikte yer almaktad\u0131r. Radyo ve televizyon kay\u0131tlar\u0131n\u0131n yan\u0131 s\u0131ra EMI, CPO ve Naxos gibi etiketlerle 40&#8217;tan fazla CD yay\u0131n\u0131na da sahip olan BSO, T\u00fcrkiye&#8217;nin k\u00fclt\u00fcr sanat hayat\u0131na \u00f6nc\u00fcl\u00fck etmektedir.<\/p>\n<p>Bilkent Senfoni Dijital, Odeon Konserleri, T\u00fcrk Bestecileri Haftas\u0131, Bilkent Anadolu M\u00fczik Festivali gibi etkinliklerle \u00fclkemizin k\u00fclt\u00fcr ya\u015fam\u0131n\u0131 zenginle\u015ftirmeyi temel ilke edinen BSO, Siena Montepulciano, San Marino, San Leo, Montreux, Schleswig \u2013 Holstein gibi uluslararas\u0131 festivallerde de yer alm\u0131\u015ft\u0131r.<\/p>\n<p>Sanat\u0131n toplumsal ya\u015famda i\u015flevsel k\u0131l\u0131nmas\u0131 misyonuyla hareket eden orkestra, kuruldu\u011fu 1993 y\u0131l\u0131ndan g\u00fcn\u00fcm\u00fcze \u00e7e\u015fitli kurum, kurulu\u015f ve sivil toplum \u00f6rg\u00fctleriyle i\u015fbirli\u011finde bulunmu\u015ftur.\u00a0&#8220;Evrensel Karde\u015flik ve Du\u0308nya Bar\u0131\u015f\u0131na Katk\u0131&#8221; ile &#8220;Yerelden Evrensele Ku\u0308ltu\u0308rel Tan\u0131t\u0131m&#8221; \u00f6du\u0308llerinin sahibi olan Bilkent Senfoni Orkestras\u0131, 2009 y\u0131l\u0131nda &#8220;UNICEF Tu\u0308rkiye \u0130yi Niyet El\u00e7isi&#8221; ilan edilmi\u015ftir.<\/p>\n<\/div><\/div><style type=\"text\/css\">.fusion-body .fusion-builder-column-3{width:60% !important;margin-top : 0px;margin-bottom : 20px;}.fusion-builder-column-3 > .fusion-column-wrapper {padding-top : 0px !important;padding-right : 0px !important;margin-right : 3.2%;padding-bottom : 0px !important;padding-left : 0px !important;margin-left : 3.2%;}@media only screen and (max-width:1080px) {.fusion-body .fusion-builder-column-3{width:100% !important;order : 0;}.fusion-builder-column-3 > .fusion-column-wrapper {margin-right : 1.92%;margin-left : 1.92%;}}@media only screen and (max-width:1080px) {.fusion-body .fusion-builder-column-3{width:100% !important;order : 0;}.fusion-builder-column-3 > .fusion-column-wrapper {margin-right : 1.92%;margin-left : 1.92%;}}<\/style><\/div><\/div><style type=\"text\/css\">.fusion-body .fusion-flex-container.fusion-builder-row-2{ padding-top : 0px;margin-top : 0px;padding-right : 0px;padding-bottom : 0px;margin-bottom : 0px;padding-left : 0px;}<\/style><\/div><div class=\"fusion-fullwidth fullwidth-box fusion-builder-row-3 fusion-flex-container hundred-percent-fullwidth non-hundred-percent-height-scrolling fusion-no-large-visibility\" style=\"background-color: #ffffff;background-position: center center;background-repeat: no-repeat;border-width: 0px 0px 0px 0px;border-color:#eae9e9;border-style:solid;\" ><div class=\"fusion-builder-row fusion-row fusion-flex-align-items-stretch\" style=\"width:104% !important;max-width:104% !important;margin-left: calc(-4% \/ 2 );margin-right: calc(-4% \/ 2 );\"><div class=\"fusion-layout-column fusion_builder_column fusion-builder-column-4 fusion_builder_column_1_1 1_1 fusion-flex-column fusion-animated\" data-animationType=\"fadeInDown\" data-animationDuration=\"0.8\" data-animationOffset=\"100%\"><div class=\"fusion-column-wrapper fusion-flex-justify-content-center fusion-content-layout-column\" style=\"background-position:left top;background-repeat:no-repeat;-webkit-background-size:cover;-moz-background-size:cover;-o-background-size:cover;background-size:cover;padding: 0px 10% 0px 10%;\"><div class=\"fusion-text fusion-text-3\"><p>Bilkent Senfoni Orkestras\u0131 (BSO), 1993\u2019te Bilkent \u00dcniversitesi\u2019nin \u00f6zg\u00fcn bir sanat projesi olarak kuruldu.\u00a0<span id=\"more-5562\"><\/span><\/p>\n<p>Orkestra, M\u00fczik ve Sahne Sanatlar\u0131 Fak\u00fcltesi\u2019nin \u00f6\u011fretim kadrosunda yer alan, T\u00fcrkiye ve 12 \u00fclkeden se\u00e7kin sanat\u00e7\u0131dan olu\u015fuyor. Bilkent Senfoni Orkestras\u0131, bu \u00f6zellikleriyle, T\u00fcrkiye\u2019nin ilk \u201c\u00f6zel, akademik, uluslararas\u0131 sanat toplulu\u011fu\u201ddur.<\/p>\n<p>Sanat ya\u015fam\u0131m\u0131za her y\u0131l 50\u2019yi a\u015fk\u0131n etkinlikle kat\u0131lan topluluk, bug\u00fcne de\u011fin konserleriyle, televizyon, radyo kay\u0131tlar\u0131yla ve yay\u0131nlad\u0131\u011f\u0131 40\u2019\u0131n \u00fczerinde CD ile se\u00e7kinle\u015fmi\u015ftir. CD dizini t\u00fcm d\u00fcnyaya ihra\u00e7 edilen orkestran\u0131n kay\u0131tlar\u0131 2003 y\u0131l\u0131ndan itibaren EMI, CPO, Naxos gibi prestijli etiketlerle de yay\u0131nlanmaktad\u0131r.<\/p>\n<p>Bilkent Odeon Konserleri, T\u00fcrk Bestecileri Haftas\u0131, Bilkent Anadolu M\u00fczik Festivali gibi \u00f6zg\u00fcn temalardaki konser ve kay\u0131t dizileriyle, sanat ya\u015fam\u0131na kal\u0131c\u0131 ve geni\u015f boyutlu etkinlikler getirmek, yurti\u00e7inde turne konserleri yoluyla nitelikli m\u00fczik be\u011fenisini yayg\u0131nla\u015ft\u0131rmak; yurt d\u0131\u015f\u0131nda, uluslararas\u0131 etkinliklerde bulunmak, bu t\u00fcr etkinlikleri d\u00fczenleyen kurum ve kurulu\u015flarla i\u015fbirli\u011fi yapmak, di\u011fer \u00fclkelerle sanatsal ileti\u015fimde k\u00f6pr\u00fc kurmak, orkestran\u0131n temel ilkeleri aras\u0131ndad\u0131r.<\/p>\n<p>BSO, Stefan Asbury, Vladimir Ashkenazy, John Axelrod, Jean-Claude Casadesus, James Feddeck, Vladimir Fedoseyev, Ernest Martinez Izquierdo, Yoel Levi, Christian Lindberg, Ion Marin, Gabor Takacs Nagy, Christoph Poppen, Santtu-Matias Rouvali, Gennady Rozhdestvensky, Stefan Sanderling, Gilbert Varga gibi \u015feflerle; Vladimir Afanassiev, Pierre-Laurent Aimard, Joseph Alessi, Pierre Amoyal, Avi Avital, Sergio Azzolini, Radek Baborak, Allison Balsom, Elena Bashkirova, Jean-Efflam Bavouzet, Nicola Benedetti, \u00a0Boris Berezovsky, Boris Berman, Lise Berthaud, Gabor Boldoczki, Guy Braunstein, Olivier Charlier, Jose Cura, Nikolai Demidenko, Aniello Desiderio, Klara Ek, Reinhold Friederich, Patrick Gallois, Alexander Ghindin, Denyce Graves, Ilya Gringolts, Jean-Fran\u00e7ois Heisser, Angela Hewitt, Sharon Isbin, Janine Jansen, Sumi Jo, Olga Kern, Lang Lang, Elisabeth Leonskaja, Nikolai Lugansky, Mischa Maisky, Xavier de Maistre, Sabine Meyer, Shlomo Mintz, Georg Nigl, Vikingur Olafsson, Emanuel Pahud, Mikhail Pletnev, \u0130vo Pogorelich, Jean Guihen Queyras, Dezs\u00f6 Ranki, Vadim Repin, Georgy Sandor, Sayaka Shoji, Valeriy Sokolov, Martin Stadtfeld, Akiko Suwanai, Gabor Tark\u00f6vi, Anna Vinnitskaya, Esther Yoo gibi solistlerle konserler vermi\u015ftir.<\/p>\n<p>BSO Siena Montepulciano M\u00fczik Festivali, San Marino Cumhuriyeti San Leo M\u00fczik Festivali, \u0130svi\u00e7re Montreux Ses ve M\u00fczik Festivali, Schleswig Holstein M\u00fczik Festivali gibi \u00f6nemli festivallerin konu\u011fu olmu\u015f; Almanya, Portekiz, Bel\u00e7ika, Japonya ve Polonya\u2019da konserler ger\u00e7ekle\u015ftirmi\u015ftir.<\/p>\n<p>Kuruldu\u011fu 1993 y\u0131l\u0131ndan beri ger\u00e7ekle\u015ftirdi\u011fi etkinliklerde, \u00e7e\u015fitli kurum, kurulu\u015f ve \u00f6zellikle sivil toplum \u00f6rg\u00fctleriyle yapt\u0131\u011f\u0131 geni\u015f i\u015fbirli\u011fiyle, sanat\u0131n toplumsal ya\u015famda i\u015flevsel k\u0131l\u0131nmas\u0131n\u0131 ilke edinen Orkestra, \u201cEvrensel Karde\u015flik ve D\u00fcnya Bar\u0131\u015f\u0131na Katk\u0131\u201d, \u201cYerelden Evrensele K\u00fclt\u00fcrel Tan\u0131t\u0131m\u201d \u00f6d\u00fcllerinin sahibidir. Bilkent Senfoni Orkestras\u0131, 2009 y\u0131l\u0131nda UNICEF T\u00fcrkiye \u0130yi Niyet El\u00e7isi ilan edilmi\u015ftir.<\/p>\n<\/div><\/div><style type=\"text\/css\">.fusion-body .fusion-builder-column-4{width:100% !important;margin-top : 0px;margin-bottom : 7%;}.fusion-builder-column-4 > .fusion-column-wrapper {padding-top : 0px !important;padding-right : 10% !important;margin-right : 1.92%;padding-bottom : 0px !important;padding-left : 10% !important;margin-left : 1.92%;}@media only screen and (max-width:1080px) {.fusion-body .fusion-builder-column-4{width:100% !important;}.fusion-builder-column-4 > .fusion-column-wrapper {margin-right : 1.92%;margin-left : 1.92%;}}@media only screen and (max-width:1080px) {.fusion-body .fusion-builder-column-4{width:100% !important;}.fusion-builder-column-4 > .fusion-column-wrapper {margin-right : 1.92%;margin-left : 1.92%;}}<\/style><\/div><div class=\"fusion-layout-column fusion_builder_column fusion-builder-column-5 fusion_builder_column_1_1 1_1 fusion-flex-column fusion-animated\" data-animationType=\"fadeIn\" data-animationDuration=\"0.8\" data-animationOffset=\"100%\"><div class=\"fusion-column-wrapper lazyload fusion-flex-justify-content-flex-start fusion-content-layout-column\" style=\"background-position:center bottom;background-repeat:no-repeat;-webkit-background-size:cover;-moz-background-size:cover;-o-background-size:cover;background-size:cover;padding: 0px 0px 0px 0px;\" data-bg-url=\"https:\/\/placehold.it\/2715x3621\" data-bg=\"https:\/\/placehold.it\/2715x3621\"><div class=\"fusion-separator fusion-full-width-sep\" style=\"align-self: center;margin-left: auto;margin-right: auto;margin-top:530px;width:100%;\"><div class=\"fusion-separator-border sep-double\" style=\"border-color:#e0dede;border-top-width:1px;border-bottom-width:1px;\"><\/div><\/div><\/div><style type=\"text\/css\">.fusion-body .fusion-builder-column-5{width:100% !important;margin-top : 0px;margin-bottom : 0px;}.fusion-builder-column-5 > .fusion-column-wrapper {padding-top : 0px !important;padding-right : 0px !important;margin-right : 1.92%;padding-bottom : 0px !important;padding-left : 0px !important;margin-left : 1.92%;}@media only screen and (max-width:1080px) {.fusion-body .fusion-builder-column-5{width:100% !important;}.fusion-builder-column-5 > .fusion-column-wrapper {margin-right : 1.92%;margin-left : 1.92%;}}@media only screen and (max-width:1080px) {.fusion-body .fusion-builder-column-5{width:100% !important;}.fusion-builder-column-5 > .fusion-column-wrapper {margin-right : 1.92%;margin-left : 1.92%;}}<\/style><\/div><\/div><style type=\"text\/css\">.fusion-body .fusion-flex-container.fusion-builder-row-3{ padding-top : 0px;margin-top : 0px;padding-right : 0px;padding-bottom : 5%;margin-bottom : 0px;padding-left : 0px;}<\/style><\/div><div class=\"fusion-fullwidth fullwidth-box fusion-builder-row-4 fusion-flex-container nonhundred-percent-fullwidth non-hundred-percent-height-scrolling\" style=\"background-color: #ffffff;background-position: center center;background-repeat: no-repeat;border-width: 0px 0px 0px 0px;border-color:#eae9e9;border-style:solid;\" ><div class=\"fusion-builder-row fusion-row fusion-flex-align-items-stretch\" style=\"max-width:1404px;margin-left: calc(-4% \/ 2 );margin-right: calc(-4% \/ 2 );\"><div class=\"fusion-layout-column fusion_builder_column fusion-builder-column-6 fusion_builder_column_4_5 4_5 fusion-flex-column\"><div class=\"fusion-column-wrapper fusion-flex-justify-content-flex-start fusion-content-layout-column\" style=\"background-position:left top;background-repeat:no-repeat;-webkit-background-size:cover;-moz-background-size:cover;-o-background-size:cover;background-size:cover;padding: 0px 0px 0px 0px;\"><style type=\"text\/css\">.fusion-gallery-1 .fusion-gallery-image {border:0px solid #e2e2e2;}<\/style><div class=\"fusion-gallery fusion-gallery-container fusion-grid-3 fusion-columns-total-3 fusion-gallery-layout-grid fusion-gallery-1\" style=\"margin:-5px;\"><div style=\"padding:5px;\" class=\"fusion-grid-column fusion-gallery-column fusion-gallery-column-3 hover-type-none\"><div class=\"fusion-gallery-image\"><a rel=\"noreferrer\" data-rel=\"iLightbox[gallery_image_1]\" class=\"fusion-lightbox\" target=\"_self\"><img decoding=\"async\" src=\"data:image\/gif;base64,R0lGODlhAQABAAAAACH5BAEKAAEALAAAAAABAAEAAAICTAEAOw==\" data-orig-src=\"\" width=\"\" height=\"\" alt=\"\" title=\"\" aria-label=\"\" class=\"lazyload img-responsive wp-image-\" \/><\/a><\/div><\/div><div style=\"padding:5px;\" class=\"fusion-grid-column fusion-gallery-column fusion-gallery-column-3 hover-type-none\"><div class=\"fusion-gallery-image\"><a rel=\"noreferrer\" data-rel=\"iLightbox[gallery_image_1]\" class=\"fusion-lightbox\" target=\"_self\"><img decoding=\"async\" src=\"data:image\/gif;base64,R0lGODlhAQABAAAAACH5BAEKAAEALAAAAAABAAEAAAICTAEAOw==\" data-orig-src=\"\" width=\"\" height=\"\" alt=\"\" title=\"\" aria-label=\"\" class=\"lazyload img-responsive wp-image-\" \/><\/a><\/div><\/div><div style=\"padding:5px;\" class=\"fusion-grid-column fusion-gallery-column fusion-gallery-column-3 hover-type-none\"><div class=\"fusion-gallery-image\"><a rel=\"noreferrer\" data-rel=\"iLightbox[gallery_image_1]\" class=\"fusion-lightbox\" target=\"_self\"><img decoding=\"async\" src=\"data:image\/gif;base64,R0lGODlhAQABAAAAACH5BAEKAAEALAAAAAABAAEAAAICTAEAOw==\" data-orig-src=\"\" width=\"\" height=\"\" alt=\"\" title=\"\" aria-label=\"\" class=\"lazyload img-responsive wp-image-\" \/><\/a><\/div><\/div><div class=\"clearfix\"><\/div><\/div><\/div><style type=\"text\/css\">.fusion-body .fusion-builder-column-6{width:80% !important;margin-top : 0px;margin-bottom : 20px;}.fusion-builder-column-6 > .fusion-column-wrapper {padding-top : 0px !important;padding-right : 0px !important;margin-right : 2.4%;padding-bottom : 0px !important;padding-left : 0px !important;margin-left : 2.4%;}@media only screen and (max-width:1080px) {.fusion-body .fusion-builder-column-6{width:100% !important;order : 0;}.fusion-builder-column-6 > .fusion-column-wrapper {margin-right : 1.92%;margin-left : 1.92%;}}@media only screen and (max-width:1080px) {.fusion-body .fusion-builder-column-6{width:100% !important;order : 0;}.fusion-builder-column-6 > .fusion-column-wrapper {margin-right : 1.92%;margin-left : 1.92%;}}<\/style><\/div><div class=\"fusion-layout-column fusion_builder_column fusion-builder-column-7 fusion_builder_column_1_5 1_5 fusion-flex-column\"><div class=\"fusion-column-wrapper fusion-flex-justify-content-flex-start fusion-content-layout-column\" style=\"background-position:left top;background-repeat:no-repeat;-webkit-background-size:cover;-moz-background-size:cover;-o-background-size:cover;background-size:cover;padding: 0px 0px 0px 0px;\"><div class=\"fusion-separator fusion-full-width-sep\" style=\"align-self: center;margin-left: auto;margin-right: auto;width:100%;\"><div class=\"fusion-separator-border sep-double\" style=\"border-color:#e0dede;border-top-width:1px;border-bottom-width:1px;\"><\/div><\/div><\/div><style type=\"text\/css\">.fusion-body .fusion-builder-column-7{width:20% !important;margin-top : 0px;margin-bottom : 20px;}.fusion-builder-column-7 > .fusion-column-wrapper {padding-top : 0px !important;padding-right : 0px !important;margin-right : 9.6%;padding-bottom : 0px !important;padding-left : 0px !important;margin-left : 9.6%;}@media only screen and (max-width:1080px) {.fusion-body .fusion-builder-column-7{width:100% !important;order : 0;}.fusion-builder-column-7 > .fusion-column-wrapper {margin-right : 1.92%;margin-left : 1.92%;}}@media only screen and (max-width:1080px) {.fusion-body .fusion-builder-column-7{width:100% !important;order : 0;}.fusion-builder-column-7 > .fusion-column-wrapper {margin-right : 1.92%;margin-left : 1.92%;}}<\/style><\/div><\/div><style type=\"text\/css\">.fusion-body .fusion-flex-container.fusion-builder-row-4{ padding-top : 50px;margin-top : 0px;padding-right : 0px;padding-bottom : 5%;margin-bottom : 0px;padding-left : 0px;}<\/style><\/div><\/p>\n","protected":false},"excerpt":{"rendered":"","protected":false},"author":1,"featured_media":0,"parent":0,"menu_order":0,"comment_status":"closed","ping_status":"closed","template":"100-width.php","meta":{"inline_featured_image":false,"footnotes":""},"_links":{"self":[{"href":"https:\/\/bso.bilkent.edu.tr\/tr\/index.php\/wp-json\/wp\/v2\/pages\/1372"}],"collection":[{"href":"https:\/\/bso.bilkent.edu.tr\/tr\/index.php\/wp-json\/wp\/v2\/pages"}],"about":[{"href":"https:\/\/bso.bilkent.edu.tr\/tr\/index.php\/wp-json\/wp\/v2\/types\/page"}],"author":[{"embeddable":true,"href":"https:\/\/bso.bilkent.edu.tr\/tr\/index.php\/wp-json\/wp\/v2\/users\/1"}],"replies":[{"embeddable":true,"href":"https:\/\/bso.bilkent.edu.tr\/tr\/index.php\/wp-json\/wp\/v2\/comments?post=1372"}],"version-history":[{"count":40,"href":"https:\/\/bso.bilkent.edu.tr\/tr\/index.php\/wp-json\/wp\/v2\/pages\/1372\/revisions"}],"predecessor-version":[{"id":5321,"href":"https:\/\/bso.bilkent.edu.tr\/tr\/index.php\/wp-json\/wp\/v2\/pages\/1372\/revisions\/5321"}],"wp:attachment":[{"href":"https:\/\/bso.bilkent.edu.tr\/tr\/index.php\/wp-json\/wp\/v2\/media?parent=1372"}],"curies":[{"name":"wp","href":"https:\/\/api.w.org\/{rel}","templated":true}]}}