{"id":1374,"date":"2021-05-15T09:47:05","date_gmt":"2021-05-15T09:47:05","guid":{"rendered":"https:\/\/bso.bilkent.edu.tr\/tr\/?page_id=1374"},"modified":"2022-09-19T08:32:55","modified_gmt":"2022-09-19T08:32:55","slug":"arsiv","status":"publish","type":"page","link":"https:\/\/bso.bilkent.edu.tr\/tr\/index.php\/arsiv\/","title":{"rendered":"Ar\u015fiv"},"content":{"rendered":"<div class=\"fusion-fullwidth fullwidth-box fusion-builder-row-1 fusion-flex-container nonhundred-percent-fullwidth non-hundred-percent-height-scrolling\" style=\"background-color: #ffffff;background-position: center center;background-repeat: no-repeat;border-width: 0px 0px 0px 0px;border-color:#eae9e9;border-style:solid;\" ><div class=\"fusion-builder-row fusion-row fusion-flex-align-items-flex-start\" style=\"max-width:calc( 1350px + 0px );margin-left: calc(-0px \/ 2 );margin-right: calc(-0px \/ 2 );\"><div class=\"fusion-layout-column fusion_builder_column fusion-builder-column-0 fusion_builder_column_1_1 1_1 fusion-flex-column\"><div class=\"fusion-column-wrapper fusion-flex-justify-content-flex-start fusion-content-layout-column\" style=\"background-position:left top;background-repeat:no-repeat;-webkit-background-size:cover;-moz-background-size:cover;-o-background-size:cover;background-size:cover;padding: 0px 0px 0px 0px;\"><div class=\"fusion-text fusion-text-1\"><h3>Ge\u00e7mi\u015f Sezonlar<\/h3>\n<\/div><div class=\"fusion-separator fusion-full-width-sep\" style=\"align-self: center;margin-left: auto;margin-right: auto;width:100%;\"><div class=\"fusion-separator-border sep-single sep-solid\" style=\"border-color:#ffffff;border-top-width:1px;\"><\/div><\/div><div class=\"fusion-builder-row fusion-builder-row-inner fusion-row fusion-flex-align-items-flex-start\" style=\"width:calc( 100% + 0px ) !important;max-width:calc( 100% + 0px ) !important;margin-left: calc(-0px \/ 2 );margin-right: calc(-0px \/ 2 );\"><div class=\"fusion-layout-column fusion_builder_column_inner fusion-builder-nested-column-0 fusion_builder_column_inner_1_1 1_1 fusion-flex-column\"><div class=\"fusion-column-wrapper fusion-flex-justify-content-flex-start fusion-content-layout-column\" style=\"background-position:left top;background-repeat:no-repeat;-webkit-background-size:cover;-moz-background-size:cover;-o-background-size:cover;background-size:cover;padding: 0px 0px 0px 0px;\"><\/div><style type=\"text\/css\">.fusion-body .fusion-builder-nested-column-0{width:100% !important;margin-top : 0px;margin-bottom : 20px;}.fusion-builder-nested-column-0 > .fusion-column-wrapper {padding-top : 0px !important;padding-right : 0px !important;margin-right : 0px;padding-bottom : 0px !important;padding-left : 0px !important;margin-left : 0px;}@media only screen and (max-width:1080px) {.fusion-body .fusion-builder-nested-column-0{width:100% !important;order : 0;}.fusion-builder-nested-column-0 > .fusion-column-wrapper {margin-right : 0px;margin-left : 0px;}}@media only screen and (max-width:1080px) {.fusion-body .fusion-builder-nested-column-0{width:100% !important;order : 0;}.fusion-builder-nested-column-0 > .fusion-column-wrapper {margin-right : 0px;margin-left : 0px;}}<\/style><\/div><\/div><style type=\"text\/css\">.fusion-portfolio-wrapper#fusion-portfolio-1 .fusion-portfolio-content{  text-align: left; }<\/style><div class=\"fusion-recent-works fusion-portfolio-element fusion-portfolio fusion-portfolio-1 fusion-portfolio-masonry fusion-portfolio-paging-pagination fusion-portfolio-two fusion-portfolio-unboxed fusion-portfolio-text fusion-portfolio-rollover fusion-animated\" data-id=\"-rw-1\" data-columns=\"two\" data-animationType=\"fadeInDown\" data-animationDuration=\"0.8\" data-animationOffset=\"100%\"><style type=\"text\/css\">.fusion-portfolio-1 .fusion-portfolio-wrapper .fusion-col-spacing{padding:15px;}<\/style><div class=\"fusion-portfolio-wrapper\" id=\"fusion-portfolio-1\" data-picturesize=\"auto\" data-pages=\"1\" style=\"margin:-15px;\"><article class=\"fusion-portfolio-post fusion-grid-sizer\"><\/article><article id=\"portfolio-1-post-5137\" class=\"fusion-portfolio-post fusion-col-spacing post-5137 fusion-element-grid\"><div class=\"fusion-portfolio-content-wrapper\" style=\"border:none;\"><span class=\"vcard rich-snippet-hidden\"><span class=\"fn\"><a href=\"https:\/\/bso.bilkent.edu.tr\/tr\/index.php\/author\/siteadmin\/\" title=\"siteadmin taraf\u0131ndan yaz\u0131lan yaz\u0131lar\" rel=\"author\">siteadmin<\/a><\/span><\/span><span class=\"updated rich-snippet-hidden\">2026-04-13T05:49:40+00:00<\/span>\n\n<div  class=\"fusion-masonry-element-container lazyload fusion-image-wrapper\" style=\"padding-top:calc((100% + 30px) * 0.8 - 15px);\" data-bg=\"https:\/\/bso.bilkent.edu.tr\/tr\/wp-content\/uploads\/2021\/10\/Odeon5.jpg\" aria-haspopup=\"true\">\n\t\n\t\n\t\n\t\t\n\t\t\t\t\t<img decoding=\"async\" width=\"508\" height=\"339\" src=\"https:\/\/bso.bilkent.edu.tr\/tr\/wp-content\/uploads\/2021\/10\/Odeon5.jpg\" class=\"attachment-full size-full lazyload wp-post-image\" alt=\"\" srcset=\"data:image\/svg+xml,%3Csvg%20xmlns%3D%27http%3A%2F%2Fwww.w3.org%2F2000%2Fsvg%27%20width%3D%27508%27%20height%3D%27339%27%20viewBox%3D%270%200%20508%20339%27%3E%3Crect%20width%3D%27508%27%20height%3D%27339%27%20fill-opacity%3D%220%22%2F%3E%3C%2Fsvg%3E\" data-orig-src=\"https:\/\/bso.bilkent.edu.tr\/tr\/wp-content\/uploads\/2021\/10\/Odeon5.jpg\" data-srcset=\"https:\/\/bso.bilkent.edu.tr\/tr\/wp-content\/uploads\/2021\/10\/Odeon5-200x133.jpg 200w, https:\/\/bso.bilkent.edu.tr\/tr\/wp-content\/uploads\/2021\/10\/Odeon5-400x267.jpg 400w, https:\/\/bso.bilkent.edu.tr\/tr\/wp-content\/uploads\/2021\/10\/Odeon5.jpg 508w\" data-sizes=\"auto\" \/>\n\t\n\n\t\t<div class=\"fusion-rollover\">\n\t<div class=\"fusion-rollover-content\">\n\n\t\t\t\t\n\t\t\n\t\t\t\t\t\t\t\t\t\t\t\t<h4 class=\"fusion-rollover-title\">\n\t\t\t\t\t<a class=\"fusion-rollover-title-link\" href=\"https:\/\/bso.bilkent.edu.tr\/tr\/index.php\/projects\/2025-2026\/\">\n\t\t\t\t\t\t2025-2026\t\t\t\t\t<\/a>\n\t\t\t\t<\/h4>\n\t\t\t\n\t\t\t\t\t\t\t\t\n\t\t\n\t\t\t\t\t\t<a class=\"fusion-link-wrapper\" href=\"https:\/\/bso.bilkent.edu.tr\/tr\/index.php\/projects\/2025-2026\/\" aria-label=\"2025-2026\"><\/a>\n\t<\/div>\n<\/div>\n\n\t\n<\/div>\n<div class=\"fusion-portfolio-content\" style=\"padding:20px 0px;bottom:0px;left:0px;right:0px;background-color:rgb(255,255,255);z-index:1;position:absolute;margin:0;\"><h2 class=\"entry-title fusion-post-title\"><a href=\"https:\/\/bso.bilkent.edu.tr\/tr\/index.php\/projects\/2025-2026\/\">2025-2026<\/a><\/h2><div class=\"fusion-post-content\"><\/div><\/div><\/div><\/article><article id=\"portfolio-1-post-4447\" class=\"fusion-portfolio-post fusion-col-spacing post-4447 fusion-element-landscape fusion-element-portrait\"><div class=\"fusion-portfolio-content-wrapper\" style=\"border:none;\"><span class=\"vcard rich-snippet-hidden\"><span class=\"fn\"><a href=\"https:\/\/bso.bilkent.edu.tr\/tr\/index.php\/author\/siteadmin\/\" title=\"siteadmin taraf\u0131ndan yaz\u0131lan yaz\u0131lar\" rel=\"author\">siteadmin<\/a><\/span><\/span><span class=\"updated rich-snippet-hidden\">2025-06-30T05:59:07+00:00<\/span>\n\n<div  class=\"fusion-masonry-element-container lazyload fusion-image-wrapper\" style=\"padding-top:calc((100% + 30px) * 0.8);\" data-bg=\"https:\/\/bso.bilkent.edu.tr\/tr\/wp-content\/uploads\/2024\/09\/IMG_9555_2014-12-19-scaled.jpg\" aria-haspopup=\"true\">\n\t\n\t\n\t\n\t\t\n\t\t\t\t\t<img decoding=\"async\" width=\"2560\" height=\"1707\" src=\"https:\/\/bso.bilkent.edu.tr\/tr\/wp-content\/uploads\/2024\/09\/IMG_9555_2014-12-19-scaled.jpg\" class=\"attachment-full size-full lazyload wp-post-image\" alt=\"\" srcset=\"data:image\/svg+xml,%3Csvg%20xmlns%3D%27http%3A%2F%2Fwww.w3.org%2F2000%2Fsvg%27%20width%3D%272560%27%20height%3D%271707%27%20viewBox%3D%270%200%202560%201707%27%3E%3Crect%20width%3D%272560%27%20height%3D%271707%27%20fill-opacity%3D%220%22%2F%3E%3C%2Fsvg%3E\" data-orig-src=\"https:\/\/bso.bilkent.edu.tr\/tr\/wp-content\/uploads\/2024\/09\/IMG_9555_2014-12-19-scaled.jpg\" data-srcset=\"https:\/\/bso.bilkent.edu.tr\/tr\/wp-content\/uploads\/2024\/09\/IMG_9555_2014-12-19-200x133.jpg 200w, https:\/\/bso.bilkent.edu.tr\/tr\/wp-content\/uploads\/2024\/09\/IMG_9555_2014-12-19-400x267.jpg 400w, https:\/\/bso.bilkent.edu.tr\/tr\/wp-content\/uploads\/2024\/09\/IMG_9555_2014-12-19-600x400.jpg 600w, https:\/\/bso.bilkent.edu.tr\/tr\/wp-content\/uploads\/2024\/09\/IMG_9555_2014-12-19-800x533.jpg 800w, https:\/\/bso.bilkent.edu.tr\/tr\/wp-content\/uploads\/2024\/09\/IMG_9555_2014-12-19-1200x800.jpg 1200w, https:\/\/bso.bilkent.edu.tr\/tr\/wp-content\/uploads\/2024\/09\/IMG_9555_2014-12-19-scaled.jpg 2560w\" data-sizes=\"auto\" \/>\n\t\n\n\t\t<div class=\"fusion-rollover\">\n\t<div class=\"fusion-rollover-content\">\n\n\t\t\t\t\n\t\t\n\t\t\t\t\t\t\t\t\t\t\t\t<h4 class=\"fusion-rollover-title\">\n\t\t\t\t\t<a class=\"fusion-rollover-title-link\" href=\"https:\/\/bso.bilkent.edu.tr\/tr\/index.php\/projects\/2024-2025\/\">\n\t\t\t\t\t\t2024-2025\t\t\t\t\t<\/a>\n\t\t\t\t<\/h4>\n\t\t\t\n\t\t\t\t\t\t\t\t\n\t\t\n\t\t\t\t\t\t<a class=\"fusion-link-wrapper\" href=\"https:\/\/bso.bilkent.edu.tr\/tr\/index.php\/projects\/2024-2025\/\" aria-label=\"2024-2025\"><\/a>\n\t<\/div>\n<\/div>\n\n\t\n<\/div>\n<div class=\"fusion-portfolio-content\" style=\"padding:20px 0px;bottom:0px;left:0px;right:0px;background-color:rgb(255,255,255);z-index:1;position:absolute;margin:0;\"><h2 class=\"entry-title fusion-post-title\"><a href=\"https:\/\/bso.bilkent.edu.tr\/tr\/index.php\/projects\/2024-2025\/\">2024-2025<\/a><\/h2><div class=\"fusion-post-content\"><\/div><\/div><\/div><\/article><article id=\"portfolio-1-post-3773\" class=\"fusion-portfolio-post fusion-col-spacing post-3773 fusion-element-grid\"><div class=\"fusion-portfolio-content-wrapper\" style=\"border:none;\"><span class=\"vcard rich-snippet-hidden\"><span class=\"fn\"><a href=\"https:\/\/bso.bilkent.edu.tr\/tr\/index.php\/author\/siteadmin\/\" title=\"siteadmin taraf\u0131ndan yaz\u0131lan yaz\u0131lar\" rel=\"author\">siteadmin<\/a><\/span><\/span><span class=\"updated rich-snippet-hidden\">2025-01-02T06:13:44+00:00<\/span>\n\n<div  class=\"fusion-masonry-element-container lazyload fusion-image-wrapper\" style=\"padding-top:calc((100% + 30px) * 0.8 - 15px);\" data-bg=\"https:\/\/bso.bilkent.edu.tr\/tr\/wp-content\/uploads\/2023\/09\/120628-odeon.jpg\" aria-haspopup=\"true\">\n\t\n\t\n\t\n\t\t\n\t\t\t\t\t<img decoding=\"async\" width=\"800\" height=\"600\" src=\"https:\/\/bso.bilkent.edu.tr\/tr\/wp-content\/uploads\/2023\/09\/120628-odeon.jpg\" class=\"attachment-full size-full lazyload wp-post-image\" alt=\"\" srcset=\"data:image\/svg+xml,%3Csvg%20xmlns%3D%27http%3A%2F%2Fwww.w3.org%2F2000%2Fsvg%27%20width%3D%27800%27%20height%3D%27600%27%20viewBox%3D%270%200%20800%20600%27%3E%3Crect%20width%3D%27800%27%20height%3D%27600%27%20fill-opacity%3D%220%22%2F%3E%3C%2Fsvg%3E\" data-orig-src=\"https:\/\/bso.bilkent.edu.tr\/tr\/wp-content\/uploads\/2023\/09\/120628-odeon.jpg\" data-srcset=\"https:\/\/bso.bilkent.edu.tr\/tr\/wp-content\/uploads\/2023\/09\/120628-odeon-200x150.jpg 200w, https:\/\/bso.bilkent.edu.tr\/tr\/wp-content\/uploads\/2023\/09\/120628-odeon-400x300.jpg 400w, https:\/\/bso.bilkent.edu.tr\/tr\/wp-content\/uploads\/2023\/09\/120628-odeon-600x450.jpg 600w, https:\/\/bso.bilkent.edu.tr\/tr\/wp-content\/uploads\/2023\/09\/120628-odeon.jpg 800w\" data-sizes=\"auto\" \/>\n\t\n\n\t\t<div class=\"fusion-rollover\">\n\t<div class=\"fusion-rollover-content\">\n\n\t\t\t\t\n\t\t\n\t\t\t\t\t\t\t\t\t\t\t\t<h4 class=\"fusion-rollover-title\">\n\t\t\t\t\t<a class=\"fusion-rollover-title-link\" href=\"https:\/\/bso.bilkent.edu.tr\/tr\/index.php\/projects\/2023-2024\/\">\n\t\t\t\t\t\t2023 &#8211; 2024\t\t\t\t\t<\/a>\n\t\t\t\t<\/h4>\n\t\t\t\n\t\t\t\t\t\t\t\t\n\t\t\n\t\t\t\t\t\t<a class=\"fusion-link-wrapper\" href=\"https:\/\/bso.bilkent.edu.tr\/tr\/index.php\/projects\/2023-2024\/\" aria-label=\"2023 &#8211; 2024\"><\/a>\n\t<\/div>\n<\/div>\n\n\t\n<\/div>\n<div class=\"fusion-portfolio-content\" style=\"padding:20px 0px;bottom:0px;left:0px;right:0px;background-color:rgb(255,255,255);z-index:1;position:absolute;margin:0;\"><h2 class=\"entry-title fusion-post-title\"><a href=\"https:\/\/bso.bilkent.edu.tr\/tr\/index.php\/projects\/2023-2024\/\">2023 &#8211; 2024<\/a><\/h2><div class=\"fusion-post-content\"><\/div><\/div><\/div><\/article><article id=\"portfolio-1-post-3307\" class=\"fusion-portfolio-post fusion-col-spacing post-3307 fusion-element-landscape fusion-element-portrait\"><div class=\"fusion-portfolio-content-wrapper\" style=\"border:none;\"><span class=\"vcard rich-snippet-hidden\"><span class=\"fn\"><a href=\"https:\/\/bso.bilkent.edu.tr\/tr\/index.php\/author\/siteadmin\/\" title=\"siteadmin taraf\u0131ndan yaz\u0131lan yaz\u0131lar\" rel=\"author\">siteadmin<\/a><\/span><\/span><span class=\"updated rich-snippet-hidden\">2023-07-04T06:42:20+00:00<\/span>\n\n<div  class=\"fusion-masonry-element-container lazyload fusion-image-wrapper\" style=\"padding-top:calc((100% + 30px) * 0.8);\" data-bg=\"https:\/\/bso.bilkent.edu.tr\/tr\/wp-content\/uploads\/2022\/09\/IMG_6331-scaled.jpg\" aria-haspopup=\"true\">\n\t\n\t\n\t\n\t\t\n\t\t\t\t\t<img decoding=\"async\" width=\"2560\" height=\"1739\" src=\"https:\/\/bso.bilkent.edu.tr\/tr\/wp-content\/uploads\/2022\/09\/IMG_6331-scaled.jpg\" class=\"attachment-full size-full lazyload wp-post-image\" alt=\"\" srcset=\"data:image\/svg+xml,%3Csvg%20xmlns%3D%27http%3A%2F%2Fwww.w3.org%2F2000%2Fsvg%27%20width%3D%272560%27%20height%3D%271739%27%20viewBox%3D%270%200%202560%201739%27%3E%3Crect%20width%3D%272560%27%20height%3D%271739%27%20fill-opacity%3D%220%22%2F%3E%3C%2Fsvg%3E\" data-orig-src=\"https:\/\/bso.bilkent.edu.tr\/tr\/wp-content\/uploads\/2022\/09\/IMG_6331-scaled.jpg\" data-srcset=\"https:\/\/bso.bilkent.edu.tr\/tr\/wp-content\/uploads\/2022\/09\/IMG_6331-200x136.jpg 200w, https:\/\/bso.bilkent.edu.tr\/tr\/wp-content\/uploads\/2022\/09\/IMG_6331-400x272.jpg 400w, https:\/\/bso.bilkent.edu.tr\/tr\/wp-content\/uploads\/2022\/09\/IMG_6331-600x408.jpg 600w, https:\/\/bso.bilkent.edu.tr\/tr\/wp-content\/uploads\/2022\/09\/IMG_6331-800x543.jpg 800w, https:\/\/bso.bilkent.edu.tr\/tr\/wp-content\/uploads\/2022\/09\/IMG_6331-1200x815.jpg 1200w, https:\/\/bso.bilkent.edu.tr\/tr\/wp-content\/uploads\/2022\/09\/IMG_6331-scaled.jpg 2560w\" data-sizes=\"auto\" \/>\n\t\n\n\t\t<div class=\"fusion-rollover\">\n\t<div class=\"fusion-rollover-content\">\n\n\t\t\t\t\n\t\t\n\t\t\t\t\t\t\t\t\t\t\t\t<h4 class=\"fusion-rollover-title\">\n\t\t\t\t\t<a class=\"fusion-rollover-title-link\" href=\"https:\/\/bso.bilkent.edu.tr\/tr\/index.php\/projects\/3307\/\">\n\t\t\t\t\t\t2022 &#8211; 2023\t\t\t\t\t<\/a>\n\t\t\t\t<\/h4>\n\t\t\t\n\t\t\t\t\t\t\t\t\n\t\t\n\t\t\t\t\t\t<a class=\"fusion-link-wrapper\" href=\"https:\/\/bso.bilkent.edu.tr\/tr\/index.php\/projects\/3307\/\" aria-label=\"2022 &#8211; 2023\"><\/a>\n\t<\/div>\n<\/div>\n\n\t\n<\/div>\n<div class=\"fusion-portfolio-content\" style=\"padding:20px 0px;bottom:0px;left:0px;right:0px;background-color:rgb(255,255,255);z-index:1;position:absolute;margin:0;\"><h2 class=\"entry-title fusion-post-title\"><a href=\"https:\/\/bso.bilkent.edu.tr\/tr\/index.php\/projects\/3307\/\">2022 &#8211; 2023<\/a><\/h2><div class=\"fusion-post-content\"><\/div><\/div><\/div><\/article><article id=\"portfolio-1-post-2744\" class=\"fusion-portfolio-post fusion-col-spacing post-2744 fusion-element-landscape fusion-element-portrait\"><div class=\"fusion-portfolio-content-wrapper\" style=\"border:none;\"><span class=\"vcard rich-snippet-hidden\"><span class=\"fn\"><a href=\"https:\/\/bso.bilkent.edu.tr\/tr\/index.php\/author\/siteadmin\/\" title=\"siteadmin taraf\u0131ndan yaz\u0131lan yaz\u0131lar\" rel=\"author\">siteadmin<\/a><\/span><\/span><span class=\"updated rich-snippet-hidden\">2026-01-28T09:22:45+00:00<\/span>\n\n<div  class=\"fusion-masonry-element-container lazyload fusion-image-wrapper\" style=\"padding-top:calc((100% + 30px) * 0.8);\" data-bg=\"https:\/\/bso.bilkent.edu.tr\/tr\/wp-content\/uploads\/2022\/01\/DSC05408_2021-12-28-scaled.jpg\" aria-haspopup=\"true\">\n\t\n\t\n\t\n\t\t\n\t\t\t\t\t<img decoding=\"async\" width=\"2560\" height=\"1707\" src=\"https:\/\/bso.bilkent.edu.tr\/tr\/wp-content\/uploads\/2022\/01\/DSC05408_2021-12-28-scaled.jpg\" class=\"attachment-full size-full lazyload wp-post-image\" alt=\"\" srcset=\"data:image\/svg+xml,%3Csvg%20xmlns%3D%27http%3A%2F%2Fwww.w3.org%2F2000%2Fsvg%27%20width%3D%272560%27%20height%3D%271707%27%20viewBox%3D%270%200%202560%201707%27%3E%3Crect%20width%3D%272560%27%20height%3D%271707%27%20fill-opacity%3D%220%22%2F%3E%3C%2Fsvg%3E\" data-orig-src=\"https:\/\/bso.bilkent.edu.tr\/tr\/wp-content\/uploads\/2022\/01\/DSC05408_2021-12-28-scaled.jpg\" data-srcset=\"https:\/\/bso.bilkent.edu.tr\/tr\/wp-content\/uploads\/2022\/01\/DSC05408_2021-12-28-200x133.jpg 200w, https:\/\/bso.bilkent.edu.tr\/tr\/wp-content\/uploads\/2022\/01\/DSC05408_2021-12-28-400x267.jpg 400w, https:\/\/bso.bilkent.edu.tr\/tr\/wp-content\/uploads\/2022\/01\/DSC05408_2021-12-28-600x400.jpg 600w, https:\/\/bso.bilkent.edu.tr\/tr\/wp-content\/uploads\/2022\/01\/DSC05408_2021-12-28-800x533.jpg 800w, https:\/\/bso.bilkent.edu.tr\/tr\/wp-content\/uploads\/2022\/01\/DSC05408_2021-12-28-1200x800.jpg 1200w, https:\/\/bso.bilkent.edu.tr\/tr\/wp-content\/uploads\/2022\/01\/DSC05408_2021-12-28-scaled.jpg 2560w\" data-sizes=\"auto\" \/>\n\t\n\n\t\t<div class=\"fusion-rollover\">\n\t<div class=\"fusion-rollover-content\">\n\n\t\t\t\t\n\t\t\n\t\t\t\t\t\t\t\t\t\t\t\t<h4 class=\"fusion-rollover-title\">\n\t\t\t\t\t<a class=\"fusion-rollover-title-link\" href=\"https:\/\/bso.bilkent.edu.tr\/tr\/index.php\/projects\/2021-2022\/\">\n\t\t\t\t\t\t2021 -2022\t\t\t\t\t<\/a>\n\t\t\t\t<\/h4>\n\t\t\t\n\t\t\t\t\t\t\t\t\n\t\t\n\t\t\t\t\t\t<a class=\"fusion-link-wrapper\" href=\"https:\/\/bso.bilkent.edu.tr\/tr\/index.php\/projects\/2021-2022\/\" aria-label=\"2021 -2022\"><\/a>\n\t<\/div>\n<\/div>\n\n\t\n<\/div>\n<div class=\"fusion-portfolio-content\" style=\"padding:20px 0px;bottom:0px;left:0px;right:0px;background-color:rgb(255,255,255);z-index:1;position:absolute;margin:0;\"><h2 class=\"entry-title fusion-post-title\"><a href=\"https:\/\/bso.bilkent.edu.tr\/tr\/index.php\/projects\/2021-2022\/\">2021 -2022<\/a><\/h2><div class=\"fusion-post-content\"><\/div><\/div><\/div><\/article><article id=\"portfolio-1-post-394\" class=\"fusion-portfolio-post fusion-col-spacing post-394 fusion-element-grid\"><div class=\"fusion-portfolio-content-wrapper\" style=\"border:none;\"><span class=\"vcard rich-snippet-hidden\"><span class=\"fn\"><a href=\"https:\/\/bso.bilkent.edu.tr\/tr\/index.php\/author\/siteadmin\/\" title=\"siteadmin taraf\u0131ndan yaz\u0131lan yaz\u0131lar\" rel=\"author\">siteadmin<\/a><\/span><\/span><span class=\"updated rich-snippet-hidden\">2026-01-28T09:16:11+00:00<\/span>\n\n<div  class=\"fusion-masonry-element-container lazyload fusion-image-wrapper\" style=\"padding-top:calc((100% + 30px) * 0.8 - 15px);\" data-bg=\"https:\/\/bso.bilkent.edu.tr\/tr\/wp-content\/uploads\/2019\/03\/galeri_03.jpg\" aria-haspopup=\"true\">\n\t\n\t\n\t\n\t\t\n\t\t\t\t\t<img decoding=\"async\" width=\"700\" height=\"467\" src=\"https:\/\/bso.bilkent.edu.tr\/tr\/wp-content\/uploads\/2019\/03\/galeri_03.jpg\" class=\"attachment-full size-full lazyload wp-post-image\" alt=\"\" srcset=\"data:image\/svg+xml,%3Csvg%20xmlns%3D%27http%3A%2F%2Fwww.w3.org%2F2000%2Fsvg%27%20width%3D%27700%27%20height%3D%27467%27%20viewBox%3D%270%200%20700%20467%27%3E%3Crect%20width%3D%27700%27%20height%3D%27467%27%20fill-opacity%3D%220%22%2F%3E%3C%2Fsvg%3E\" data-orig-src=\"https:\/\/bso.bilkent.edu.tr\/tr\/wp-content\/uploads\/2019\/03\/galeri_03.jpg\" data-srcset=\"https:\/\/bso.bilkent.edu.tr\/tr\/wp-content\/uploads\/2019\/03\/galeri_03-200x133.jpg 200w, https:\/\/bso.bilkent.edu.tr\/tr\/wp-content\/uploads\/2019\/03\/galeri_03-400x267.jpg 400w, https:\/\/bso.bilkent.edu.tr\/tr\/wp-content\/uploads\/2019\/03\/galeri_03-600x400.jpg 600w, https:\/\/bso.bilkent.edu.tr\/tr\/wp-content\/uploads\/2019\/03\/galeri_03.jpg 700w\" data-sizes=\"auto\" \/>\n\t\n\n\t\t<div class=\"fusion-rollover\">\n\t<div class=\"fusion-rollover-content\">\n\n\t\t\t\t\n\t\t\n\t\t\t\t\t\t\t\t\t\t\t\t<h4 class=\"fusion-rollover-title\">\n\t\t\t\t\t<a class=\"fusion-rollover-title-link\" href=\"https:\/\/bso.bilkent.edu.tr\/tr\/index.php\/projects\/2020-2021\/\">\n\t\t\t\t\t\t2020 \u2013 2021\t\t\t\t\t<\/a>\n\t\t\t\t<\/h4>\n\t\t\t\n\t\t\t\t\t\t\t\t\n\t\t\n\t\t\t\t\t\t<a class=\"fusion-link-wrapper\" href=\"https:\/\/bso.bilkent.edu.tr\/tr\/index.php\/projects\/2020-2021\/\" aria-label=\"2020 \u2013 2021\"><\/a>\n\t<\/div>\n<\/div>\n\n\t\n<\/div>\n<div class=\"fusion-portfolio-content\" style=\"padding:20px 0px;bottom:0px;left:0px;right:0px;background-color:rgb(255,255,255);z-index:1;position:absolute;margin:0;\"><h2 class=\"entry-title fusion-post-title\"><a href=\"https:\/\/bso.bilkent.edu.tr\/tr\/index.php\/projects\/2020-2021\/\">2020 \u2013 2021<\/a><\/h2><div class=\"fusion-post-content\"><\/div><\/div><\/div><\/article><article id=\"portfolio-1-post-392\" class=\"fusion-portfolio-post fusion-col-spacing post-392 fusion-element-landscape fusion-element-portrait\"><div class=\"fusion-portfolio-content-wrapper\" style=\"border:none;\"><span class=\"vcard rich-snippet-hidden\"><span class=\"fn\"><a href=\"https:\/\/bso.bilkent.edu.tr\/tr\/index.php\/author\/siteadmin\/\" title=\"siteadmin taraf\u0131ndan yaz\u0131lan yaz\u0131lar\" rel=\"author\">siteadmin<\/a><\/span><\/span><span class=\"updated rich-snippet-hidden\">2026-01-28T09:05:08+00:00<\/span>\n\n<div  class=\"fusion-masonry-element-container lazyload fusion-image-wrapper\" style=\"padding-top:calc((100% + 30px) * 0.8);\" data-bg=\"https:\/\/bso.bilkent.edu.tr\/tr\/wp-content\/uploads\/2019\/03\/IMG_5987-scaled.jpg\" aria-haspopup=\"true\">\n\t\n\t\n\t\n\t\t\n\t\t\t\t\t<img decoding=\"async\" width=\"2560\" height=\"1920\" src=\"https:\/\/bso.bilkent.edu.tr\/tr\/wp-content\/uploads\/2019\/03\/IMG_5987-scaled.jpg\" class=\"attachment-full size-full lazyload wp-post-image\" alt=\"\" srcset=\"data:image\/svg+xml,%3Csvg%20xmlns%3D%27http%3A%2F%2Fwww.w3.org%2F2000%2Fsvg%27%20width%3D%272560%27%20height%3D%271920%27%20viewBox%3D%270%200%202560%201920%27%3E%3Crect%20width%3D%272560%27%20height%3D%271920%27%20fill-opacity%3D%220%22%2F%3E%3C%2Fsvg%3E\" data-orig-src=\"https:\/\/bso.bilkent.edu.tr\/tr\/wp-content\/uploads\/2019\/03\/IMG_5987-scaled.jpg\" data-srcset=\"https:\/\/bso.bilkent.edu.tr\/tr\/wp-content\/uploads\/2019\/03\/IMG_5987-200x150.jpg 200w, https:\/\/bso.bilkent.edu.tr\/tr\/wp-content\/uploads\/2019\/03\/IMG_5987-400x300.jpg 400w, https:\/\/bso.bilkent.edu.tr\/tr\/wp-content\/uploads\/2019\/03\/IMG_5987-600x450.jpg 600w, https:\/\/bso.bilkent.edu.tr\/tr\/wp-content\/uploads\/2019\/03\/IMG_5987-800x600.jpg 800w, https:\/\/bso.bilkent.edu.tr\/tr\/wp-content\/uploads\/2019\/03\/IMG_5987-1200x900.jpg 1200w, https:\/\/bso.bilkent.edu.tr\/tr\/wp-content\/uploads\/2019\/03\/IMG_5987-scaled.jpg 2560w\" data-sizes=\"auto\" \/>\n\t\n\n\t\t<div class=\"fusion-rollover\">\n\t<div class=\"fusion-rollover-content\">\n\n\t\t\t\t\n\t\t\n\t\t\t\t\t\t\t\t\t\t\t\t<h4 class=\"fusion-rollover-title\">\n\t\t\t\t\t<a class=\"fusion-rollover-title-link\" href=\"https:\/\/bso.bilkent.edu.tr\/tr\/index.php\/projects\/2019-2020\/\">\n\t\t\t\t\t\t2019 &#8211; 2020\t\t\t\t\t<\/a>\n\t\t\t\t<\/h4>\n\t\t\t\n\t\t\t\t\t\t\t\t\n\t\t\n\t\t\t\t\t\t<a class=\"fusion-link-wrapper\" href=\"https:\/\/bso.bilkent.edu.tr\/tr\/index.php\/projects\/2019-2020\/\" aria-label=\"2019 &#8211; 2020\"><\/a>\n\t<\/div>\n<\/div>\n\n\t\n<\/div>\n<div class=\"fusion-portfolio-content\" style=\"padding:20px 0px;bottom:0px;left:0px;right:0px;background-color:rgb(255,255,255);z-index:1;position:absolute;margin:0;\"><h2 class=\"entry-title fusion-post-title\"><a href=\"https:\/\/bso.bilkent.edu.tr\/tr\/index.php\/projects\/2019-2020\/\">2019 &#8211; 2020<\/a><\/h2><div class=\"fusion-post-content\"><\/div><\/div><\/div><\/article><\/div><\/div><\/div><style type=\"text\/css\">.fusion-body .fusion-builder-column-0{width:100% !important;margin-top : 0px;margin-bottom : 20px;}.fusion-builder-column-0 > .fusion-column-wrapper {padding-top : 0px !important;padding-right : 0px !important;margin-right : 0px;padding-bottom : 0px !important;padding-left : 0px !important;margin-left : 0px;}@media only screen and (max-width:1080px) {.fusion-body .fusion-builder-column-0{width:100% !important;}.fusion-builder-column-0 > .fusion-column-wrapper {margin-right : 0px;margin-left : 0px;}}@media only screen and (max-width:1080px) {.fusion-body .fusion-builder-column-0{width:100% !important;}.fusion-builder-column-0 > .fusion-column-wrapper {margin-right : 0px;margin-left : 0px;}}<\/style><\/div><\/div><style type=\"text\/css\">.fusion-body .fusion-flex-container.fusion-builder-row-1{ padding-top : 0px;margin-top : 0px;padding-right : 0px;padding-bottom : 6%;margin-bottom : 0px;padding-left : 0px;}<\/style><\/div>\n","protected":false},"excerpt":{"rendered":"","protected":false},"author":1,"featured_media":0,"parent":0,"menu_order":0,"comment_status":"closed","ping_status":"closed","template":"100-width.php","meta":{"inline_featured_image":false,"footnotes":""},"_links":{"self":[{"href":"https:\/\/bso.bilkent.edu.tr\/tr\/index.php\/wp-json\/wp\/v2\/pages\/1374"}],"collection":[{"href":"https:\/\/bso.bilkent.edu.tr\/tr\/index.php\/wp-json\/wp\/v2\/pages"}],"about":[{"href":"https:\/\/bso.bilkent.edu.tr\/tr\/index.php\/wp-json\/wp\/v2\/types\/page"}],"author":[{"embeddable":true,"href":"https:\/\/bso.bilkent.edu.tr\/tr\/index.php\/wp-json\/wp\/v2\/users\/1"}],"replies":[{"embeddable":true,"href":"https:\/\/bso.bilkent.edu.tr\/tr\/index.php\/wp-json\/wp\/v2\/comments?post=1374"}],"version-history":[{"count":38,"href":"https:\/\/bso.bilkent.edu.tr\/tr\/index.php\/wp-json\/wp\/v2\/pages\/1374\/revisions"}],"predecessor-version":[{"id":3302,"href":"https:\/\/bso.bilkent.edu.tr\/tr\/index.php\/wp-json\/wp\/v2\/pages\/1374\/revisions\/3302"}],"wp:attachment":[{"href":"https:\/\/bso.bilkent.edu.tr\/tr\/index.php\/wp-json\/wp\/v2\/media?parent=1374"}],"curies":[{"name":"wp","href":"https:\/\/api.w.org\/{rel}","templated":true}]}}