{"id":1771,"date":"2021-07-08T08:21:26","date_gmt":"2021-07-08T08:21:26","guid":{"rendered":"https:\/\/bso.bilkent.edu.tr\/tr\/?page_id=1771"},"modified":"2021-10-08T13:09:27","modified_gmt":"2021-10-08T13:09:27","slug":"bilkent-konser-salonlari","status":"publish","type":"page","link":"https:\/\/bso.bilkent.edu.tr\/tr\/index.php\/bilkent-konser-salonlari\/","title":{"rendered":"Bilkent Konser Salonu"},"content":{"rendered":"<p><div class=\"fusion-fullwidth fullwidth-box fusion-builder-row-1 fusion-flex-container nonhundred-percent-fullwidth non-hundred-percent-height-scrolling\" style=\"background-color: #ffffff;background-position: center center;background-repeat: no-repeat;border-width: 0px 0px 0px 0px;border-color:#eae9e9;border-style:solid;\" ><div class=\"fusion-builder-row fusion-row fusion-flex-align-items-flex-start\" style=\"max-width:1404px;margin-left: calc(-4% \/ 2 );margin-right: calc(-4% \/ 2 );\"><div class=\"fusion-layout-column fusion_builder_column fusion-builder-column-0 fusion_builder_column_2_3 2_3 fusion-flex-column fusion-animated\" data-animationType=\"fadeInLeft\" data-animationDuration=\"0.8\" data-animationOffset=\"100%\"><div class=\"fusion-column-wrapper fusion-flex-justify-content-flex-start fusion-content-layout-column\" style=\"background-position:left top;background-repeat:no-repeat;-webkit-background-size:cover;-moz-background-size:cover;-o-background-size:cover;background-size:cover;padding: 0px 0px 0px 0px;\"><div class=\"fusion-text fusion-text-1 caption\"><h4>Bilkent Konser Salonu<\/h4>\n<\/div><\/div><style type=\"text\/css\">.fusion-body .fusion-builder-column-0{width:66.666666666667% !important;margin-top : 0px;margin-bottom : 0px;}.fusion-builder-column-0 > .fusion-column-wrapper {padding-top : 0px !important;padding-right : 0px !important;margin-right : 2.88%;padding-bottom : 0px !important;padding-left : 0px !important;margin-left : 2.88%;}@media only screen and (max-width:1080px) {.fusion-body .fusion-builder-column-0{width:100% !important;order : 0;}.fusion-builder-column-0 > .fusion-column-wrapper {margin-right : 1.92%;margin-left : 1.92%;}}@media only screen and (max-width:1080px) {.fusion-body .fusion-builder-column-0{width:100% !important;order : 0;}.fusion-builder-column-0 > .fusion-column-wrapper {margin-right : 1.92%;margin-left : 1.92%;}}<\/style><\/div><div class=\"fusion-layout-column fusion_builder_column fusion-builder-column-1 fusion_builder_column_1_3 1_3 fusion-flex-column fusion-no-small-visibility fusion-no-medium-visibility\"><div class=\"fusion-column-wrapper fusion-flex-justify-content-flex-start fusion-content-layout-column\" style=\"background-position:left top;background-repeat:no-repeat;-webkit-background-size:cover;-moz-background-size:cover;-o-background-size:cover;background-size:cover;padding: 0px 0px 0px 0px;\"><\/div><style type=\"text\/css\">.fusion-body .fusion-builder-column-1{width:33.333333333333% !important;margin-top : 0px;margin-bottom : 20px;}.fusion-builder-column-1 > .fusion-column-wrapper {padding-top : 0px !important;padding-right : 0px !important;margin-right : 5.76%;padding-bottom : 0px !important;padding-left : 0px !important;margin-left : 5.76%;}@media only screen and (max-width:1080px) {.fusion-body .fusion-builder-column-1{width:100% !important;}.fusion-builder-column-1 > .fusion-column-wrapper {margin-right : 1.92%;margin-left : 1.92%;}}@media only screen and (max-width:1080px) {.fusion-body .fusion-builder-column-1{width:100% !important;}.fusion-builder-column-1 > .fusion-column-wrapper {margin-right : 1.92%;margin-left : 1.92%;}}<\/style><\/div><\/div><style type=\"text\/css\">.fusion-body .fusion-flex-container.fusion-builder-row-1{ padding-top : 0px;margin-top : 0px;padding-right : 0px;padding-bottom : 0px;margin-bottom : 0px;padding-left : 0px;}<\/style><\/div><div class=\"fusion-fullwidth fullwidth-box fusion-builder-row-2 fusion-flex-container nonhundred-percent-fullwidth non-hundred-percent-height-scrolling\" style=\"background-color: #ffffff;background-position: center center;background-repeat: no-repeat;border-width: 0px 0px 0px 0px;border-color:#eae9e9;border-style:solid;\" ><div class=\"fusion-builder-row fusion-row fusion-flex-align-items-flex-start\" style=\"max-width:1404px;margin-left: calc(-4% \/ 2 );margin-right: calc(-4% \/ 2 );\"><div class=\"fusion-layout-column fusion_builder_column fusion-builder-column-2 fusion_builder_column_3_5 3_5 fusion-flex-column\"><div class=\"fusion-column-wrapper fusion-flex-justify-content-flex-start fusion-content-layout-column\" style=\"background-position:left top;background-repeat:no-repeat;-webkit-background-size:cover;-moz-background-size:cover;-o-background-size:cover;background-size:cover;padding: 0px 0px 0px 0px;\"><div class=\"fusion-text fusion-text-2\"><p>Bilkent Konser Salonunun i\u00e7inde yer ald\u0131\u011f\u0131 M\u00fczik ve Sahne Sanatlar\u0131 Fak\u00fcltesi binas\u0131n\u0131n mimari, i\u00e7 mimari ve dekorasyon projeleri Erkut \u015eahinba\u015f ve \u0130lhan Kural taraf\u0131ndan yap\u0131lm\u0131\u015ft\u0131r. Fak\u00fclte binas\u0131 Tepe \u0130n\u015faat taraf\u0131ndan 9 Aral\u0131k 1993 \u2013 15 Ekim 1994 tarihleri aras\u0131nda in\u015fa edilmi\u015ftir. Toplam kullan\u0131m alan\u0131 14.328 metrekaredir.<\/p>\n<p>Salonun akustik dan\u0131\u015fmanl\u0131\u011f\u0131n\u0131 Finli mimar Matti Heikkinen yapm\u0131\u015ft\u0131r.<\/p>\n<p>Akustik panolar ve sahne asans\u00f6r sistemine sahip olan konser salonu, istenildi\u011finde orkestra \u00e7ukuru yarat\u0131larak sahne eserleri icra etmeye de olanak vermektedir. 700 ki\u015filik kapasitesi olan konser salonu ayn\u0131 zamanda se\u00e7kin bir kay\u0131t st\u00fcdyosu niteli\u011findedir. Bilkent Konser Salonunun iki adet Steinway konser piyanosu bulunmaktad\u0131r. A\u00e7\u0131l\u0131\u015f konseri 1 Kas\u0131m 1994\u2019te Bilkent Senfoni Orkestras\u0131 taraf\u0131ndan yap\u0131lm\u0131\u015ft\u0131r.<\/p>\n<\/div><\/div><style type=\"text\/css\">.fusion-body .fusion-builder-column-2{width:60% !important;margin-top : 0px;margin-bottom : 20px;}.fusion-builder-column-2 > .fusion-column-wrapper {padding-top : 0px !important;padding-right : 0px !important;margin-right : 3.2%;padding-bottom : 0px !important;padding-left : 0px !important;margin-left : 3.2%;}@media only screen and (max-width:1080px) {.fusion-body .fusion-builder-column-2{width:100% !important;order : 0;}.fusion-builder-column-2 > .fusion-column-wrapper {margin-right : 1.92%;margin-left : 1.92%;}}@media only screen and (max-width:1080px) {.fusion-body .fusion-builder-column-2{width:100% !important;order : 0;}.fusion-builder-column-2 > .fusion-column-wrapper {margin-right : 1.92%;margin-left : 1.92%;}}<\/style><\/div><div class=\"fusion-layout-column fusion_builder_column fusion-builder-column-3 fusion_builder_column_2_5 2_5 fusion-flex-column\"><div class=\"fusion-column-wrapper fusion-flex-justify-content-flex-start fusion-content-layout-column\" style=\"background-position:left top;background-repeat:no-repeat;-webkit-background-size:cover;-moz-background-size:cover;-o-background-size:cover;background-size:cover;padding: 0px 0px 0px 0px;\"><div ><span class=\" fusion-imageframe imageframe-none imageframe-1 hover-type-none\"><img decoding=\"async\" width=\"2560\" height=\"1707\" title=\"IMG_2728_2015-12-26\" src=\"https:\/\/bso.bilkent.edu.tr\/tr\/wp-content\/uploads\/2021\/10\/IMG_2728_2015-12-26-scaled.jpg\" data-orig-src=\"https:\/\/bso.bilkent.edu.tr\/tr\/wp-content\/uploads\/2021\/10\/IMG_2728_2015-12-26-scaled.jpg\" class=\"lazyload img-responsive wp-image-2173\" srcset=\"data:image\/svg+xml,%3Csvg%20xmlns%3D%27http%3A%2F%2Fwww.w3.org%2F2000%2Fsvg%27%20width%3D%272560%27%20height%3D%271707%27%20viewBox%3D%270%200%202560%201707%27%3E%3Crect%20width%3D%272560%27%20height%3D%271707%27%20fill-opacity%3D%220%22%2F%3E%3C%2Fsvg%3E\" data-srcset=\"https:\/\/bso.bilkent.edu.tr\/tr\/wp-content\/uploads\/2021\/10\/IMG_2728_2015-12-26-200x133.jpg 200w, https:\/\/bso.bilkent.edu.tr\/tr\/wp-content\/uploads\/2021\/10\/IMG_2728_2015-12-26-400x267.jpg 400w, https:\/\/bso.bilkent.edu.tr\/tr\/wp-content\/uploads\/2021\/10\/IMG_2728_2015-12-26-600x400.jpg 600w, https:\/\/bso.bilkent.edu.tr\/tr\/wp-content\/uploads\/2021\/10\/IMG_2728_2015-12-26-800x533.jpg 800w, https:\/\/bso.bilkent.edu.tr\/tr\/wp-content\/uploads\/2021\/10\/IMG_2728_2015-12-26-1200x800.jpg 1200w, https:\/\/bso.bilkent.edu.tr\/tr\/wp-content\/uploads\/2021\/10\/IMG_2728_2015-12-26-scaled.jpg 2560w\" data-sizes=\"auto\" data-orig-sizes=\"(max-width: 1080px) 100vw, (max-width: 1080px) 100vw, 600px\" \/><\/span><\/div><\/div><style type=\"text\/css\">.fusion-body .fusion-builder-column-3{width:40% !important;margin-top : 0px;margin-bottom : 20px;}.fusion-builder-column-3 > .fusion-column-wrapper {padding-top : 0px !important;padding-right : 0px !important;margin-right : 4.8%;padding-bottom : 0px !important;padding-left : 0px !important;margin-left : 4.8%;}@media only screen and (max-width:1080px) {.fusion-body .fusion-builder-column-3{width:100% !important;order : 0;}.fusion-builder-column-3 > .fusion-column-wrapper {margin-right : 1.92%;margin-left : 1.92%;}}@media only screen and (max-width:1080px) {.fusion-body .fusion-builder-column-3{width:100% !important;order : 0;}.fusion-builder-column-3 > .fusion-column-wrapper {margin-right : 1.92%;margin-left : 1.92%;}}<\/style><\/div><\/div><style type=\"text\/css\">.fusion-body .fusion-flex-container.fusion-builder-row-2{ padding-top : 0px;margin-top : 0px;padding-right : 0px;padding-bottom : 0px;margin-bottom : 0px;padding-left : 0px;}<\/style><\/div><\/p>\n","protected":false},"excerpt":{"rendered":"","protected":false},"author":1,"featured_media":0,"parent":0,"menu_order":0,"comment_status":"closed","ping_status":"closed","template":"100-width.php","meta":{"inline_featured_image":false,"footnotes":""},"_links":{"self":[{"href":"https:\/\/bso.bilkent.edu.tr\/tr\/index.php\/wp-json\/wp\/v2\/pages\/1771"}],"collection":[{"href":"https:\/\/bso.bilkent.edu.tr\/tr\/index.php\/wp-json\/wp\/v2\/pages"}],"about":[{"href":"https:\/\/bso.bilkent.edu.tr\/tr\/index.php\/wp-json\/wp\/v2\/types\/page"}],"author":[{"embeddable":true,"href":"https:\/\/bso.bilkent.edu.tr\/tr\/index.php\/wp-json\/wp\/v2\/users\/1"}],"replies":[{"embeddable":true,"href":"https:\/\/bso.bilkent.edu.tr\/tr\/index.php\/wp-json\/wp\/v2\/comments?post=1771"}],"version-history":[{"count":21,"href":"https:\/\/bso.bilkent.edu.tr\/tr\/index.php\/wp-json\/wp\/v2\/pages\/1771\/revisions"}],"predecessor-version":[{"id":2338,"href":"https:\/\/bso.bilkent.edu.tr\/tr\/index.php\/wp-json\/wp\/v2\/pages\/1771\/revisions\/2338"}],"wp:attachment":[{"href":"https:\/\/bso.bilkent.edu.tr\/tr\/index.php\/wp-json\/wp\/v2\/media?parent=1771"}],"curies":[{"name":"wp","href":"https:\/\/api.w.org\/{rel}","templated":true}]}}