{"id":1774,"date":"2021-07-08T08:24:58","date_gmt":"2021-07-08T08:24:58","guid":{"rendered":"https:\/\/bso.bilkent.edu.tr\/tr\/?page_id=1774"},"modified":"2025-10-13T11:38:02","modified_gmt":"2025-10-13T11:38:02","slug":"orkestra-uyeleri","status":"publish","type":"page","link":"https:\/\/bso.bilkent.edu.tr\/tr\/index.php\/orkestra-uyeleri\/","title":{"rendered":"Orkestra \u00dcyeleri"},"content":{"rendered":"<p><div class=\"fusion-fullwidth fullwidth-box fusion-builder-row-1 fusion-flex-container nonhundred-percent-fullwidth non-hundred-percent-height-scrolling\" style=\"background-color: #ffffff;background-position: center center;background-repeat: no-repeat;border-width: 0px 0px 0px 0px;border-color:#eae9e9;border-style:solid;\" ><div class=\"fusion-builder-row fusion-row fusion-flex-align-items-flex-start\" style=\"max-width:1404px;margin-left: calc(-4% \/ 2 );margin-right: calc(-4% \/ 2 );\"><div class=\"fusion-layout-column fusion_builder_column fusion-builder-column-0 fusion_builder_column_2_3 2_3 fusion-flex-column\"><div class=\"fusion-column-wrapper fusion-flex-justify-content-flex-start fusion-content-layout-column\" style=\"background-position:left top;background-repeat:no-repeat;-webkit-background-size:cover;-moz-background-size:cover;-o-background-size:cover;background-size:cover;padding: 0px 0px 0px 0px;\"><div class=\"fusion-text fusion-text-1\"><h3>Orkestra \u00dcyeleri<\/h3>\n<\/div><\/div><style type=\"text\/css\">.fusion-body .fusion-builder-column-0{width:66.666666666667% !important;margin-top : 0px;margin-bottom : 20px;}.fusion-builder-column-0 > .fusion-column-wrapper {padding-top : 0px !important;padding-right : 0px !important;margin-right : 2.88%;padding-bottom : 0px !important;padding-left : 0px !important;margin-left : 2.88%;}@media only screen and (max-width:1080px) {.fusion-body .fusion-builder-column-0{width:100% !important;order : 0;}.fusion-builder-column-0 > .fusion-column-wrapper {margin-right : 1.92%;margin-left : 1.92%;}}@media only screen and (max-width:1080px) {.fusion-body .fusion-builder-column-0{width:100% !important;order : 0;}.fusion-builder-column-0 > .fusion-column-wrapper {margin-right : 1.92%;margin-left : 1.92%;}}<\/style><\/div><div class=\"fusion-layout-column fusion_builder_column fusion-builder-column-1 fusion_builder_column_1_3 1_3 fusion-flex-column\"><div class=\"fusion-column-wrapper fusion-flex-justify-content-flex-start fusion-content-layout-column\" style=\"background-position:left top;background-repeat:no-repeat;-webkit-background-size:cover;-moz-background-size:cover;-o-background-size:cover;background-size:cover;padding: 0px 0px 0px 0px;\"><\/div><style type=\"text\/css\">.fusion-body .fusion-builder-column-1{width:33.333333333333% !important;margin-top : 0px;margin-bottom : 20px;}.fusion-builder-column-1 > .fusion-column-wrapper {padding-top : 0px !important;padding-right : 0px !important;margin-right : 5.76%;padding-bottom : 0px !important;padding-left : 0px !important;margin-left : 5.76%;}@media only screen and (max-width:1080px) {.fusion-body .fusion-builder-column-1{width:100% !important;order : 0;}.fusion-builder-column-1 > .fusion-column-wrapper {margin-right : 1.92%;margin-left : 1.92%;}}@media only screen and (max-width:1080px) {.fusion-body .fusion-builder-column-1{width:100% !important;order : 0;}.fusion-builder-column-1 > .fusion-column-wrapper {margin-right : 1.92%;margin-left : 1.92%;}}<\/style><\/div><\/div><style type=\"text\/css\">.fusion-body .fusion-flex-container.fusion-builder-row-1{ padding-top : 0px;margin-top : 0px;padding-right : 0px;padding-bottom : 0px;margin-bottom : 0px;padding-left : 0px;}<\/style><\/div><div class=\"fusion-fullwidth fullwidth-box fusion-builder-row-2 fusion-flex-container nonhundred-percent-fullwidth non-hundred-percent-height-scrolling\" style=\"background-color: #ffffff;background-position: center center;background-repeat: no-repeat;border-width: 0px 0px 0px 0px;border-color:#eae9e9;border-style:solid;\" ><div class=\"fusion-builder-row fusion-row fusion-flex-align-items-flex-start\" style=\"max-width:1404px;margin-left: calc(-4% \/ 2 );margin-right: calc(-4% \/ 2 );\"><div class=\"fusion-layout-column fusion_builder_column fusion-builder-column-2 fusion_builder_column_2_5 2_5 fusion-flex-column\"><div class=\"fusion-column-wrapper fusion-flex-justify-content-flex-start fusion-content-layout-column\" style=\"background-position:left top;background-repeat:no-repeat;-webkit-background-size:cover;-moz-background-size:cover;-o-background-size:cover;background-size:cover;padding: 0px 0px 0px 0px;\"><div class=\"fusion-text fusion-text-2\"><div>\n<div class=\"instrument-list\">\n<h4 class=\"fusion-responsive-typography-calculated\" style=\"--fontsize: 26; line-height: 1.34;\" data-fontsize=\"26\" data-lineheight=\"34.84px\">I. Keman<\/h4>\n<ul>\n<li>Merve Birbir, konzertmeister yrd.<\/li>\n<li>Bahar Kutay<\/li>\n<li>Vseslava \u00d6zt\u00fcrk<\/li>\n<li>S\u00fcreyya Defne<\/li>\n<li>Davut Aliyev<\/li>\n<li>Anna Chebukova<\/li>\n<li>H\u00fcseynali H\u00fcseynaliyev<\/li>\n<li>Svetlana Rebresh<\/li>\n<li>S\u00fcleyman Babakishizade<\/li>\n<li>Ece Naml\u0131<\/li>\n<\/ul>\n<\/div>\n<div class=\"instrument-list\">\n<h4 class=\"fusion-responsive-typography-calculated\" style=\"--fontsize: 26; line-height: 1.34;\" data-fontsize=\"26\" data-lineheight=\"34.84px\">II. Keman<\/h4>\n<ul>\n<li>Feruza Abdullayeva, grup \u015fefi<\/li>\n<li>Nazik Rahmedova, grup \u015fefi yrd.<\/li>\n<li>Adelya Ate\u015fo\u011flu<\/li>\n<li>Nil Cetiz<\/li>\n<li>Buse Korkmaz<\/li>\n<li>Fatima Nasirli<\/li>\n<\/ul>\n<\/div>\n<div class=\"instrument-list\">\n<h4 class=\"fusion-responsive-typography-calculated\" style=\"--fontsize: 26; line-height: 1.34;\" data-fontsize=\"26\" data-lineheight=\"34.84px\">Viyola<\/h4>\n<ul>\n<li>Yukiyo Hirano, grup \u015fefi yrd.<\/li>\n<li>Sema Hakio\u011flu<\/li>\n<li>Elif Ku\u015ftan<\/li>\n<li>Tijana Silinger<\/li>\n<li>Laura Ann Krentzman<\/li>\n<li>\u0130mgesu Tekerler<\/li>\n<li>\u00dczeyir Mahmudbayl\u0131<\/li>\n<\/ul>\n<\/div>\n<div class=\"instrument-list\">\n<h4 class=\"fusion-responsive-typography-calculated\" style=\"--fontsize: 26; line-height: 1.34;\" data-fontsize=\"26\" data-lineheight=\"34.84px\">Viyolonsel<\/h4>\n<ul>\n<li>Serdar Rasul, grup \u015fefi yrd.<\/li>\n<li>Artur Rahmatulla<\/li>\n<li>Yi\u011fit \u00dclgen<\/li>\n<li>Verda \u00c7avu\u015fo\u011flu<\/li>\n<li>Aoi Udagawa<\/li>\n<\/ul>\n<h4 class=\"fusion-responsive-typography-calculated\" style=\"--fontsize: 26; line-height: 1.34;\" data-fontsize=\"26\" data-lineheight=\"34.84px\">Kontrbas<\/h4>\n<div class=\"coloumn\">\n<div class=\"instrument-list\">\n<ul>\n<li>Sergey Margulis, grup \u015fefi<\/li>\n<li>Burak Noyan<\/li>\n<li>Zurab Tsitsuashvili<\/li>\n<\/ul>\n<\/div>\n<\/div>\n<\/div>\n<\/div>\n<div><\/div>\n<\/div><\/div><style type=\"text\/css\">.fusion-body .fusion-builder-column-2{width:40% !important;margin-top : 0px;margin-bottom : 20px;}.fusion-builder-column-2 > .fusion-column-wrapper {padding-top : 0px !important;padding-right : 0px !important;margin-right : 4.8%;padding-bottom : 0px !important;padding-left : 0px !important;margin-left : 4.8%;}@media only screen and (max-width:1080px) {.fusion-body .fusion-builder-column-2{width:100% !important;order : 0;}.fusion-builder-column-2 > .fusion-column-wrapper {margin-right : 1.92%;margin-left : 1.92%;}}@media only screen and (max-width:1080px) {.fusion-body .fusion-builder-column-2{width:100% !important;order : 0;}.fusion-builder-column-2 > .fusion-column-wrapper {margin-right : 1.92%;margin-left : 1.92%;}}<\/style><\/div><div class=\"fusion-layout-column fusion_builder_column fusion-builder-column-3 fusion_builder_column_2_5 2_5 fusion-flex-column\"><div class=\"fusion-column-wrapper fusion-flex-justify-content-flex-start fusion-content-layout-column\" style=\"background-position:left top;background-repeat:no-repeat;-webkit-background-size:cover;-moz-background-size:cover;-o-background-size:cover;background-size:cover;padding: 0px 0px 0px 0px;\"><div class=\"fusion-text fusion-text-3\"><div class=\"coloumn\">\n<div class=\"instrument-list\">\n<h4 class=\"fusion-responsive-typography-calculated\" style=\"--fontsize: 26; line-height: 1.34;\" data-fontsize=\"26\" data-lineheight=\"34.84px\">Fl\u00fct<\/h4>\n<\/div>\n<\/div>\n<div class=\"instrument-list\">\n<ul>\n<li>Albena Sezer, grup \u015fefi<\/li>\n<li>Ebru Aykal<\/li>\n<\/ul>\n<\/div>\n<div class=\"instrument-list\">\n<h4 class=\"fusion-responsive-typography-calculated\" style=\"--fontsize: 26; line-height: 1.34;\" data-fontsize=\"26\" data-lineheight=\"34.84px\">Obua<\/h4>\n<ul>\n<li>Og\u00fcn Koyuno\u011flu, grup \u015fefi<\/li>\n<li>Violetta Lupu<\/li>\n<li>Viktoriya Tokdemir<\/li>\n<\/ul>\n<\/div>\n<div class=\"instrument-list\">\n<h4 class=\"fusion-responsive-typography-calculated\" style=\"--fontsize: 26; line-height: 1.34;\" data-fontsize=\"26\" data-lineheight=\"34.84px\">Klarnet<\/h4>\n<ul>\n<li>Nusret \u0130spir, grup \u015fefi<\/li>\n<li>Selen \u00d6zy\u0131ld\u0131r\u0131m<\/li>\n<li>Leonid Volkov<\/li>\n<\/ul>\n<\/div>\n<div class=\"instrument-list\">\n<h4 class=\"fusion-responsive-typography-calculated\" style=\"--fontsize: 26; line-height: 1.34;\" data-fontsize=\"26\" data-lineheight=\"34.84px\">Fagot<\/h4>\n<ul>\n<li>Ezgi Tando\u011fan<\/li>\n<\/ul>\n<\/div>\n<div class=\"instrument-list\">\n<h4 class=\"fusion-responsive-typography-calculated\" style=\"--fontsize: 26; line-height: 1.34;\" data-fontsize=\"26\" data-lineheight=\"34.84px\">Korno<\/h4>\n<ul>\n<li>Mustafa Kaplan, grup \u015fefi<\/li>\n<li>Marcel \u00dcst\u00fcn<\/li>\n<\/ul>\n<\/div>\n<div class=\"instrument-list\">\n<h4 class=\"fusion-responsive-typography-calculated\" style=\"--fontsize: 26; line-height: 1.34;\" data-fontsize=\"26\" data-lineheight=\"34.84px\">Trompet<\/h4>\n<ul>\n<li>Julian Lupu, grup \u015fefi<\/li>\n<li>Onurcan \u00c7a\u011fatay<\/li>\n<li>Samuel Felipe Ca\u00f1as Quiceno<\/li>\n<\/ul>\n<\/div>\n<div class=\"instrument-list\">\n<h4 class=\"fusion-responsive-typography-calculated\" style=\"--fontsize: 26; line-height: 1.34;\" data-fontsize=\"26\" data-lineheight=\"34.84px\">Trombon<\/h4>\n<ul>\n<li>Cem G\u00fcng\u00f6r, grup \u015fefi<\/li>\n<li>Mehmet Ali Baydar<\/li>\n<li>Aleksey Medvedev<\/li>\n<\/ul>\n<\/div>\n<div class=\"instrument-list\">\n<h4 class=\"fusion-responsive-typography-calculated\" style=\"--fontsize: 26; line-height: 1.34;\" data-fontsize=\"26\" data-lineheight=\"34.84px\">Tuba<\/h4>\n<ul>\n<li>Noriyoshi Murakami<\/li>\n<\/ul>\n<\/div>\n<div class=\"instrument-list\">\n<h4 class=\"fusion-responsive-typography-calculated\" style=\"--fontsize: 26; line-height: 1.34;\" data-fontsize=\"26\" data-lineheight=\"34.84px\">Vurmal\u0131 \u00c7alg\u0131lar<\/h4>\n<ul>\n<li>Ayd\u0131n Mecid, grup \u015fefi<\/li>\n<\/ul>\n<\/div>\n<\/div><\/div><style type=\"text\/css\">.fusion-body .fusion-builder-column-3{width:40% !important;margin-top : 0px;margin-bottom : 20px;}.fusion-builder-column-3 > .fusion-column-wrapper {padding-top : 0px !important;padding-right : 0px !important;margin-right : 4.8%;padding-bottom : 0px !important;padding-left : 0px !important;margin-left : 4.8%;}@media only screen and (max-width:1080px) {.fusion-body .fusion-builder-column-3{width:100% !important;order : 0;}.fusion-builder-column-3 > .fusion-column-wrapper {margin-right : 1.92%;margin-left : 1.92%;}}@media only screen and (max-width:1080px) {.fusion-body .fusion-builder-column-3{width:100% !important;order : 0;}.fusion-builder-column-3 > .fusion-column-wrapper {margin-right : 1.92%;margin-left : 1.92%;}}<\/style><\/div><div class=\"fusion-layout-column fusion_builder_column fusion-builder-column-4 fusion_builder_column_1_5 1_5 fusion-flex-column\"><div class=\"fusion-column-wrapper fusion-flex-justify-content-flex-start fusion-content-layout-column\" style=\"background-position:left top;background-repeat:no-repeat;-webkit-background-size:cover;-moz-background-size:cover;-o-background-size:cover;background-size:cover;padding: 0px 0px 0px 0px;\"><\/div><style type=\"text\/css\">.fusion-body .fusion-builder-column-4{width:20% !important;margin-top : 0px;margin-bottom : 20px;}.fusion-builder-column-4 > .fusion-column-wrapper {padding-top : 0px !important;padding-right : 0px !important;margin-right : 9.6%;padding-bottom : 0px !important;padding-left : 0px !important;margin-left : 9.6%;}@media only screen and (max-width:1080px) {.fusion-body .fusion-builder-column-4{width:100% !important;order : 0;}.fusion-builder-column-4 > .fusion-column-wrapper {margin-right : 1.92%;margin-left : 1.92%;}}@media only screen and (max-width:1080px) {.fusion-body .fusion-builder-column-4{width:100% !important;order : 0;}.fusion-builder-column-4 > .fusion-column-wrapper {margin-right : 1.92%;margin-left : 1.92%;}}<\/style><\/div><\/div><style type=\"text\/css\">.fusion-body .fusion-flex-container.fusion-builder-row-2{ padding-top : 0px;margin-top : 0px;padding-right : 0px;padding-bottom : 0px;margin-bottom : 0px;padding-left : 0px;}<\/style><\/div><\/p>\n","protected":false},"excerpt":{"rendered":"","protected":false},"author":1,"featured_media":0,"parent":0,"menu_order":0,"comment_status":"closed","ping_status":"closed","template":"","meta":{"inline_featured_image":false,"footnotes":""},"_links":{"self":[{"href":"https:\/\/bso.bilkent.edu.tr\/tr\/index.php\/wp-json\/wp\/v2\/pages\/1774"}],"collection":[{"href":"https:\/\/bso.bilkent.edu.tr\/tr\/index.php\/wp-json\/wp\/v2\/pages"}],"about":[{"href":"https:\/\/bso.bilkent.edu.tr\/tr\/index.php\/wp-json\/wp\/v2\/types\/page"}],"author":[{"embeddable":true,"href":"https:\/\/bso.bilkent.edu.tr\/tr\/index.php\/wp-json\/wp\/v2\/users\/1"}],"replies":[{"embeddable":true,"href":"https:\/\/bso.bilkent.edu.tr\/tr\/index.php\/wp-json\/wp\/v2\/comments?post=1774"}],"version-history":[{"count":32,"href":"https:\/\/bso.bilkent.edu.tr\/tr\/index.php\/wp-json\/wp\/v2\/pages\/1774\/revisions"}],"predecessor-version":[{"id":5161,"href":"https:\/\/bso.bilkent.edu.tr\/tr\/index.php\/wp-json\/wp\/v2\/pages\/1774\/revisions\/5161"}],"wp:attachment":[{"href":"https:\/\/bso.bilkent.edu.tr\/tr\/index.php\/wp-json\/wp\/v2\/media?parent=1774"}],"curies":[{"name":"wp","href":"https:\/\/api.w.org\/{rel}","templated":true}]}}