{"id":1945,"date":"2021-08-01T23:13:22","date_gmt":"2021-08-01T23:13:22","guid":{"rendered":"https:\/\/bso.bilkent.edu.tr\/tr\/?page_id=1945"},"modified":"2021-10-05T08:12:30","modified_gmt":"2021-10-05T08:12:30","slug":"cd-koleksiyonlari","status":"publish","type":"page","link":"https:\/\/bso.bilkent.edu.tr\/tr\/index.php\/arsiv\/cd-koleksiyonlari\/","title":{"rendered":"CD Koleksiyonlar\u0131"},"content":{"rendered":"<p><div class=\"fusion-fullwidth fullwidth-box fusion-builder-row-1 fusion-flex-container nonhundred-percent-fullwidth non-hundred-percent-height-scrolling\" style=\"background-color: #ffffff;background-position: center center;background-repeat: no-repeat;border-width: 0px 0px 0px 0px;border-color:#eae9e9;border-style:solid;\" ><div class=\"fusion-builder-row fusion-row fusion-flex-align-items-flex-start\" style=\"max-width:1404px;margin-left: calc(-4% \/ 2 );margin-right: calc(-4% \/ 2 );\"><div class=\"fusion-layout-column fusion_builder_column fusion-builder-column-0 fusion_builder_column_4_5 4_5 fusion-flex-column\"><div class=\"fusion-column-wrapper fusion-flex-justify-content-flex-start fusion-content-layout-column\" style=\"background-position:left top;background-repeat:no-repeat;-webkit-background-size:cover;-moz-background-size:cover;-o-background-size:cover;background-size:cover;padding: 0px 0px 0px 0px;\"><div class=\"fusion-text fusion-text-1\"><h3><strong>CD Koleksiyonlar\u0131<\/strong><\/h3>\n<\/div><\/div><style type=\"text\/css\">.fusion-body .fusion-builder-column-0{width:80% !important;margin-top : 0px;margin-bottom : 20px;}.fusion-builder-column-0 > .fusion-column-wrapper {padding-top : 0px !important;padding-right : 0px !important;margin-right : 2.4%;padding-bottom : 0px !important;padding-left : 0px !important;margin-left : 2.4%;}@media only screen and (max-width:1080px) {.fusion-body .fusion-builder-column-0{width:100% !important;order : 0;}.fusion-builder-column-0 > .fusion-column-wrapper {margin-right : 1.92%;margin-left : 1.92%;}}@media only screen and (max-width:1080px) {.fusion-body .fusion-builder-column-0{width:100% !important;order : 0;}.fusion-builder-column-0 > .fusion-column-wrapper {margin-right : 1.92%;margin-left : 1.92%;}}<\/style><\/div><div class=\"fusion-layout-column fusion_builder_column fusion-builder-column-1 fusion_builder_column_1_5 1_5 fusion-flex-column\"><div class=\"fusion-column-wrapper fusion-flex-justify-content-flex-start fusion-content-layout-column\" style=\"background-position:left top;background-repeat:no-repeat;-webkit-background-size:cover;-moz-background-size:cover;-o-background-size:cover;background-size:cover;padding: 0px 0px 0px 0px;\"><\/div><style type=\"text\/css\">.fusion-body .fusion-builder-column-1{width:20% !important;margin-top : 0px;margin-bottom : 20px;}.fusion-builder-column-1 > .fusion-column-wrapper {padding-top : 0px !important;padding-right : 0px !important;margin-right : 9.6%;padding-bottom : 0px !important;padding-left : 0px !important;margin-left : 9.6%;}@media only screen and (max-width:1080px) {.fusion-body .fusion-builder-column-1{width:100% !important;order : 0;}.fusion-builder-column-1 > .fusion-column-wrapper {margin-right : 1.92%;margin-left : 1.92%;}}@media only screen and (max-width:1080px) {.fusion-body .fusion-builder-column-1{width:100% !important;order : 0;}.fusion-builder-column-1 > .fusion-column-wrapper {margin-right : 1.92%;margin-left : 1.92%;}}<\/style><\/div><\/div><style type=\"text\/css\">.fusion-body .fusion-flex-container.fusion-builder-row-1{ padding-top : 0px;margin-top : 0px;padding-right : 0px;padding-bottom : 0px;margin-bottom : 0px;padding-left : 0px;}<\/style><\/div><div class=\"fusion-fullwidth fullwidth-box fusion-builder-row-2 fusion-flex-container nonhundred-percent-fullwidth non-hundred-percent-height-scrolling\" style=\"background-color: #ffffff;background-position: center center;background-repeat: no-repeat;border-width: 0px 0px 0px 0px;border-color:#eae9e9;border-style:solid;\" ><div class=\"fusion-builder-row fusion-row fusion-flex-align-items-flex-start\" style=\"max-width:1404px;margin-left: calc(-4% \/ 2 );margin-right: calc(-4% \/ 2 );\"><div class=\"fusion-layout-column fusion_builder_column fusion-builder-column-2 fusion_builder_column_1_1 1_1 fusion-flex-column\"><div class=\"fusion-column-wrapper fusion-flex-justify-content-flex-start fusion-content-layout-column\" style=\"background-position:left top;background-repeat:no-repeat;-webkit-background-size:cover;-moz-background-size:cover;-o-background-size:cover;background-size:cover;padding: 0px 0px 0px 0px;\"><div class=\"fusion-separator fusion-full-width-sep\" style=\"align-self: center;margin-left: auto;margin-right: auto;width:100%;\"><div class=\"fusion-separator-border sep-single sep-solid\" style=\"border-color:#e0dede;border-top-width:1px;\"><\/div><\/div><\/div><style type=\"text\/css\">.fusion-body .fusion-builder-column-2{width:100% !important;margin-top : 0px;margin-bottom : 20px;}.fusion-builder-column-2 > .fusion-column-wrapper {padding-top : 0px !important;padding-right : 0px !important;margin-right : 1.92%;padding-bottom : 0px !important;padding-left : 0px !important;margin-left : 1.92%;}@media only screen and (max-width:1080px) {.fusion-body .fusion-builder-column-2{width:100% !important;order : 0;}.fusion-builder-column-2 > .fusion-column-wrapper {margin-right : 1.92%;margin-left : 1.92%;}}@media only screen and (max-width:1080px) {.fusion-body .fusion-builder-column-2{width:100% !important;order : 0;}.fusion-builder-column-2 > .fusion-column-wrapper {margin-right : 1.92%;margin-left : 1.92%;}}<\/style><\/div><div class=\"fusion-layout-column fusion_builder_column fusion-builder-column-3 fusion_builder_column_4_5 4_5 fusion-flex-column\"><div class=\"fusion-column-wrapper fusion-flex-justify-content-flex-start fusion-content-layout-column\" style=\"background-position:left top;background-repeat:no-repeat;-webkit-background-size:cover;-moz-background-size:cover;-o-background-size:cover;background-size:cover;padding: 0px 0px 0px 0px;\"><div class=\"fusion-text fusion-text-2\"><p>Koleksiyonlar\u0131n\u0131 tamamlamak isteyen dinleyicilerimiz, a\u015fa\u011f\u0131daki listede yer alan CD&#8217;lerden edinmek i\u00e7in <a class=\"v1moz-txt-link-abbreviated\" href=\"mailto:bso@bilkent.edu.tr\" rel=\"noreferrer\">bso@bilkent.edu.tr<\/a>\u00a0adresine ba\u015fvurabilirler.<\/p>\n<\/div><\/div><style type=\"text\/css\">.fusion-body .fusion-builder-column-3{width:80% !important;margin-top : 0px;margin-bottom : 20px;}.fusion-builder-column-3 > .fusion-column-wrapper {padding-top : 0px !important;padding-right : 0px !important;margin-right : 2.4%;padding-bottom : 0px !important;padding-left : 0px !important;margin-left : 2.4%;}@media only screen and (max-width:1080px) {.fusion-body .fusion-builder-column-3{width:100% !important;order : 0;}.fusion-builder-column-3 > .fusion-column-wrapper {margin-right : 1.92%;margin-left : 1.92%;}}@media only screen and (max-width:1080px) {.fusion-body .fusion-builder-column-3{width:100% !important;order : 0;}.fusion-builder-column-3 > .fusion-column-wrapper {margin-right : 1.92%;margin-left : 1.92%;}}<\/style><\/div><div class=\"fusion-layout-column fusion_builder_column fusion-builder-column-4 fusion_builder_column_1_5 1_5 fusion-flex-column\"><div class=\"fusion-column-wrapper fusion-flex-justify-content-flex-start fusion-content-layout-column\" style=\"background-position:left top;background-repeat:no-repeat;-webkit-background-size:cover;-moz-background-size:cover;-o-background-size:cover;background-size:cover;padding: 0px 0px 0px 0px;\"><\/div><style type=\"text\/css\">.fusion-body .fusion-builder-column-4{width:20% !important;margin-top : 0px;margin-bottom : 20px;}.fusion-builder-column-4 > .fusion-column-wrapper {padding-top : 0px !important;padding-right : 0px !important;margin-right : 9.6%;padding-bottom : 0px !important;padding-left : 0px !important;margin-left : 9.6%;}@media only screen and (max-width:1080px) {.fusion-body .fusion-builder-column-4{width:100% !important;order : 0;}.fusion-builder-column-4 > .fusion-column-wrapper {margin-right : 1.92%;margin-left : 1.92%;}}@media only screen and (max-width:1080px) {.fusion-body .fusion-builder-column-4{width:100% !important;order : 0;}.fusion-builder-column-4 > .fusion-column-wrapper {margin-right : 1.92%;margin-left : 1.92%;}}<\/style><\/div><\/div><style type=\"text\/css\">.fusion-body .fusion-flex-container.fusion-builder-row-2{ padding-top : 0px;margin-top : 0px;padding-right : 0px;padding-bottom : 0px;margin-bottom : 0px;padding-left : 0px;}<\/style><\/div><div class=\"fusion-fullwidth fullwidth-box fusion-builder-row-3 fusion-flex-container nonhundred-percent-fullwidth non-hundred-percent-height-scrolling\" style=\"background-color: #ffffff;background-position: center center;background-repeat: no-repeat;border-width: 0px 0px 0px 0px;border-color:#eae9e9;border-style:solid;\" ><div class=\"fusion-builder-row fusion-row fusion-flex-align-items-flex-start\" style=\"max-width:1404px;margin-left: calc(-4% \/ 2 );margin-right: calc(-4% \/ 2 );\"><div class=\"fusion-layout-column fusion_builder_column fusion-builder-column-5 fusion_builder_column_4_5 4_5 fusion-flex-column\"><div class=\"fusion-column-wrapper fusion-flex-justify-content-flex-start fusion-content-layout-column\" style=\"background-position:left top;background-repeat:no-repeat;-webkit-background-size:cover;-moz-background-size:cover;-o-background-size:cover;background-size:cover;padding: 0px 0px 0px 0px;\"><div class=\"fusion-text fusion-text-3\"><ul>\n<li>Bilkent Senfoni Orkestras\u0131, Konstantin Krimetz<\/li>\n<li>Kamran \u0130nce, Orkestra Kon\u00e7ertosu, Senfoni No.2<\/li>\n<li>G\u00fclsin Onay, Mozart Piyano Kon\u00e7ertolar\u0131 No.20, 21<\/li>\n<li>\u0130dil Biret, Beethoven Piyano Kon\u00e7ertolar\u0131 |\u00a0Vol.1\u00a0|\u00a0Vol.2\u00a0|\u00a0Vol.3\u00a0|<\/li>\n<li>\u0130dil Biret, Schumann, Grieg Piyano Kon\u00e7ertolar\u0131<\/li>\n<li>\u0130dil Biret, Tchaikovsky Piyano Kon\u00e7ertolar\u0131 No.1, 3<\/li>\n<li>\u0130dil Biret, Saint-Saens, Ravel Piyano Kon\u00e7ertolar\u0131<\/li>\n<li>\u0130dil Biret, Liszt Piyano Kon\u00e7ertolar\u0131<\/li>\n<li>Muammer Sun, Kurtulu\u015f ve Cumhuriyet<\/li>\n<li>G\u00fclsin Onay, Saygun Piyano Kon\u00e7ertolar\u0131<\/li>\n<li>Necil Kaz\u0131m Akses<\/li>\n<li>Ahmed Adnan Saygun, Viyolonsel Kon\u00e7ertosu, Viyola Kon\u00e7ertosu<\/li>\n<li>Emil Tabakov, \u0130ki Fl\u00fct Kon\u00e7ertosu, Piyano Kon\u00e7ertosu<\/li>\n<li>\u0130dil Biret, Massenet, Franck<\/li>\n<li>Jean-Philippe Collard, Sancan, Tchaikovsky<\/li>\n<li>Ulvi Cemal Erkin<\/li>\n<li>Faz\u0131l Say,\u00a0Naz\u0131m<\/li>\n<li>G\u00fclsin Onay, Tchaikovsky Piyano Kon\u00e7ertosu No.1<\/li>\n<li>Ahmed Adnan Saygun, Yunus Emre<\/li>\n<li>\u0130dil Biret, Beethoven Piyano Kon\u00e7ertolar\u0131, Koral Fantezi<\/li>\n<li>Eczac\u0131ba\u015f\u0131 Ulusal Beste Yar\u0131\u015fmas\u0131<\/li>\n<li>Ahmed Adnan Saygun, Senfoni No.3, Orkestra i\u00e7in \u00c7e\u015fitlemeler<\/li>\n<li>G\u00fclsin Onay, Chopin Piyano Kon\u00e7ertolar\u0131<\/li>\n<li>Ahmed Adnan Saygun, Piyano Kon\u00e7ertosu No.1, Senfoni No.3<\/li>\n<li>Hakan Aysev<\/li>\n<li>Mesut \u0130ktu<\/li>\n<li>Schumann, Piyano Kon\u00e7ertosu, Senfoni No.1<\/li>\n<li>Ahmed Adnan Saygun, Piyano Kon\u00e7ertosu, Viyolonsel Kon\u00e7ertosu<\/li>\n<li>\u0130dil Biret, Saint-Saens, Ravel Piyano Kon\u00e7ertolar\u0131<\/li>\n<li>Hande Dalk\u0131l\u0131\u00e7, Ahmed Adnan Saygun<\/li>\n<li>Elza Kolodin, Chopin Piyano Kon\u00e7ertolar\u0131<\/li>\n<li>Carmina Burana, Carl Orff<\/li>\n<li>Mozart, Requiem<\/li>\n<li>Bilkent Senfoni Orkestras\u0131, G\u00fcrer Aykal<\/li>\n<li>Igor Oistrakh, Natalia Zertsalova<\/li>\n<li>Tchaikovsky, Senfoni No.6<\/li>\n<li>Tchaikovsky, Smetana, Ravel<\/li>\n<li>Bilkent Oda Orkestras\u0131, Server Ganiyev<\/li>\n<li>Haydn, Roussel, Enescu<\/li>\n<li>Lalo, Faur\u00e9, Berlioz<\/li>\n<li>Massenet, Chausson<\/li>\n<li>Debussy, Franck<\/li>\n<\/ul>\n<\/div><\/div><style type=\"text\/css\">.fusion-body .fusion-builder-column-5{width:80% !important;margin-top : 0px;margin-bottom : 20px;}.fusion-builder-column-5 > .fusion-column-wrapper {padding-top : 0px !important;padding-right : 0px !important;margin-right : 2.4%;padding-bottom : 0px !important;padding-left : 0px !important;margin-left : 2.4%;}@media only screen and (max-width:1080px) {.fusion-body .fusion-builder-column-5{width:100% !important;order : 0;}.fusion-builder-column-5 > .fusion-column-wrapper {margin-right : 1.92%;margin-left : 1.92%;}}@media only screen and (max-width:1080px) {.fusion-body .fusion-builder-column-5{width:100% !important;order : 0;}.fusion-builder-column-5 > .fusion-column-wrapper {margin-right : 1.92%;margin-left : 1.92%;}}<\/style><\/div><div class=\"fusion-layout-column fusion_builder_column fusion-builder-column-6 fusion_builder_column_1_5 1_5 fusion-flex-column\"><div class=\"fusion-column-wrapper fusion-flex-justify-content-flex-start fusion-content-layout-column\" style=\"background-position:left top;background-repeat:no-repeat;-webkit-background-size:cover;-moz-background-size:cover;-o-background-size:cover;background-size:cover;padding: 0px 0px 0px 0px;\"><\/div><style type=\"text\/css\">.fusion-body .fusion-builder-column-6{width:20% !important;margin-top : 0px;margin-bottom : 20px;}.fusion-builder-column-6 > .fusion-column-wrapper {padding-top : 0px !important;padding-right : 0px !important;margin-right : 9.6%;padding-bottom : 0px !important;padding-left : 0px !important;margin-left : 9.6%;}@media only screen and (max-width:1080px) {.fusion-body .fusion-builder-column-6{width:100% !important;order : 0;}.fusion-builder-column-6 > .fusion-column-wrapper {margin-right : 1.92%;margin-left : 1.92%;}}@media only screen and (max-width:1080px) {.fusion-body .fusion-builder-column-6{width:100% !important;order : 0;}.fusion-builder-column-6 > .fusion-column-wrapper {margin-right : 1.92%;margin-left : 1.92%;}}<\/style><\/div><\/div><style type=\"text\/css\">.fusion-body .fusion-flex-container.fusion-builder-row-3{ padding-top : 0px;margin-top : 0px;padding-right : 0px;padding-bottom : 0px;margin-bottom : 0px;padding-left : 0px;}<\/style><\/div><\/p>\n","protected":false},"excerpt":{"rendered":"","protected":false},"author":1,"featured_media":0,"parent":1374,"menu_order":0,"comment_status":"closed","ping_status":"closed","template":"","meta":{"inline_featured_image":false,"footnotes":""},"_links":{"self":[{"href":"https:\/\/bso.bilkent.edu.tr\/tr\/index.php\/wp-json\/wp\/v2\/pages\/1945"}],"collection":[{"href":"https:\/\/bso.bilkent.edu.tr\/tr\/index.php\/wp-json\/wp\/v2\/pages"}],"about":[{"href":"https:\/\/bso.bilkent.edu.tr\/tr\/index.php\/wp-json\/wp\/v2\/types\/page"}],"author":[{"embeddable":true,"href":"https:\/\/bso.bilkent.edu.tr\/tr\/index.php\/wp-json\/wp\/v2\/users\/1"}],"replies":[{"embeddable":true,"href":"https:\/\/bso.bilkent.edu.tr\/tr\/index.php\/wp-json\/wp\/v2\/comments?post=1945"}],"version-history":[{"count":13,"href":"https:\/\/bso.bilkent.edu.tr\/tr\/index.php\/wp-json\/wp\/v2\/pages\/1945\/revisions"}],"predecessor-version":[{"id":2230,"href":"https:\/\/bso.bilkent.edu.tr\/tr\/index.php\/wp-json\/wp\/v2\/pages\/1945\/revisions\/2230"}],"up":[{"embeddable":true,"href":"https:\/\/bso.bilkent.edu.tr\/tr\/index.php\/wp-json\/wp\/v2\/pages\/1374"}],"wp:attachment":[{"href":"https:\/\/bso.bilkent.edu.tr\/tr\/index.php\/wp-json\/wp\/v2\/media?parent=1945"}],"curies":[{"name":"wp","href":"https:\/\/api.w.org\/{rel}","templated":true}]}}